{"id":6856,"date":"2026-02-05T10:57:49","date_gmt":"2026-02-05T10:57:49","guid":{"rendered":"https:\/\/nodosbyg.com\/product\/cubre-boton-media-luna-perla-blanca\/"},"modified":"2026-02-05T10:57:49","modified_gmt":"2026-02-05T10:57:49","slug":"cubre-boton-media-luna-perla-blanca","status":"publish","type":"product","link":"https:\/\/nodosbyg.com\/es\/producto\/cubre-boton-media-luna-perla-blanca\/","title":{"rendered":"Cubre bot\u00f3n media luna perla blanca"},"content":{"rendered":"<p data-start=\"786\" data-end=\"974\">El Cubre Bot\u00f3n Media Luna \u2013 Perla Blanca captura el suave resplandor de la luna. Su silueta limpia en forma de creciente a\u00f1ade un acento escultural y refinado, transformando las prendas con una elegancia sutil. <\/p>\n<p data-start=\"976\" data-end=\"1374\">Dise\u00f1ado digitalmente e impreso en 3D en PLA Silk, un material de origen vegetal derivado del almid\u00f3n de patata, esta pieza combina ligereza, durabilidad y un acabado perlado suave. Cada cubre bot\u00f3n se termina y ensambla a mano con un discreto mecanismo met\u00e1lico que se coloca f\u00e1cilmente sobre botones est\u00e1ndar sin da\u00f1ar la tela. Impreso bajo demanda, refleja un enfoque de dise\u00f1o lento y sostenible.  <\/p>\n","protected":false},"excerpt":{"rendered":"<ul>\n<li data-start=\"495\" data-end=\"554\">\n<p data-start=\"497\" data-end=\"554\">Cubre bot\u00f3n en forma de creciente, inspirado en la geometr\u00eda lunar<\/p>\n<\/li>\n<li data-start=\"555\" data-end=\"587\">\n<p data-start=\"557\" data-end=\"587\">Acabado suave en seda perla blanca<\/p>\n<\/li>\n<li data-start=\"588\" data-end=\"648\">\n<p data-start=\"590\" data-end=\"648\">Impreso en 3D en PLA Silk de origen vegetal (a base de almid\u00f3n de patata)<\/p>\n<\/li>\n<li data-start=\"649\" data-end=\"680\">\n<p data-start=\"651\" data-end=\"680\">Ultraligero y c\u00f3modo<\/p>\n<\/li>\n<li data-start=\"681\" data-end=\"721\">\n<p data-start=\"683\" data-end=\"721\">Se coloca de forma segura sobre botones est\u00e1ndar<\/p>\n<\/li>\n<li data-start=\"722\" data-end=\"763\">\n<p data-start=\"724\" data-end=\"763\">Acabado y ensamblado a mano en Madrid<\/p>\n<\/li>\n<\/ul>\n","protected":false},"featured_media":6302,"template":"","meta":{"_uag_custom_page_level_css":"","site-sidebar-layout":"default","site-content-layout":"","ast-site-content-layout":"default","site-content-style":"default","site-sidebar-style":"default","ast-global-header-display":"","ast-banner-title-visibility":"","ast-main-header-display":"","ast-hfb-above-header-display":"","ast-hfb-below-header-display":"","ast-hfb-mobile-header-display":"","site-post-title":"","ast-breadcrumbs-content":"","ast-featured-img":"","footer-sml-layout":"","ast-disable-related-posts":"","theme-transparent-header-meta":"default","adv-header-id-meta":"","stick-header-meta":"default","header-above-stick-meta":"","header-main-stick-meta":"","header-below-stick-meta":"","astra-migrate-meta-layouts":"default","ast-page-background-enabled":"default","ast-page-background-meta":{"desktop":{"background-color":"var(--ast-global-color-4)","background-image":"","background-repeat":"repeat","background-position":"center center","background-size":"auto","background-attachment":"scroll","background-type":"","background-media":"","overlay-type":"","overlay-color":"","overlay-opacity":"","overlay-gradient":""},"tablet":{"background-color":"","background-image":"","background-repeat":"repeat","background-position":"center center","background-size":"auto","background-attachment":"scroll","background-type":"","background-media":"","overlay-type":"","overlay-color":"","overlay-opacity":"","overlay-gradient":""},"mobile":{"background-color":"","background-image":"","background-repeat":"repeat","background-position":"center center","background-size":"auto","background-attachment":"scroll","background-type":"","background-media":"","overlay-type":"","overlay-color":"","overlay-opacity":"","overlay-gradient":""}},"ast-content-background-meta":{"desktop":{"background-color":"var(--ast-global-color-5)","background-image":"","background-repeat":"repeat","background-position":"center center","background-size":"auto","background-attachment":"scroll","background-type":"","background-media":"","overlay-type":"","overlay-color":"","overlay-opacity":"","overlay-gradient":""},"tablet":{"background-color":"var(--ast-global-color-5)","background-image":"","background-repeat":"repeat","background-position":"center center","background-size":"auto","background-attachment":"scroll","background-type":"","background-media":"","overlay-type":"","overlay-color":"","overlay-opacity":"","overlay-gradient":""},"mobile":{"background-color":"var(--ast-global-color-5)","background-image":"","background-repeat":"repeat","background-position":"center center","background-size":"auto","background-attachment":"scroll","background-type":"","background-media":"","overlay-type":"","overlay-color":"","overlay-opacity":"","overlay-gradient":""}}},"product_brand":[],"product_cat":[216],"product_tag":[],"class_list":{"0":"post-6856","1":"product","2":"type-product","3":"status-publish","4":"has-post-thumbnail","6":"product_cat-cubre-botones","7":"product_shipping_class-envio-ordinario","8":"desktop-align-center","9":"tablet-align-left","10":"mobile-align-left","11":"ast-product-gallery-layout-vertical-slider","12":"ast-product-single-variable","13":"ast-product-tabs-layout-distributed","14":"ast-qv-on-image","16":"first","17":"instock","18":"shipping-taxable","19":"purchasable","20":"product-type-variable"},"spectra_custom_meta":{"rank_math_internal_links_processed":["1"],"_product_attributes":["a:4:{s:8:\"material\";a:6:{s:4:\"name\";s:8:\"Material\";s:5:\"value\";s:28:\"PLA Silk (de origen vegetal)\";s:8:\"position\";i:0;s:10:\"is_visible\";i:1;s:12:\"is_variation\";i:0;s:11:\"is_taxonomy\";i:0;}s:10:\"dimensions\";a:6:{s:4:\"name\";s:10:\"Dimensions\";s:5:\"value\";s:142:\"Grande: \u00d8 3,5 cm \u00b7 Altura 0,8 cm \u00b7 Mecanismo met\u00e1lico \u00d8 1,5 cm\n\n<br>Peque\u00f1o: \u00d8 1,5 cm \u00b7 Altura 0,4 cm \u00b7 Mecanismo met\u00e1lico \u00d8 1,2 cm\";s:8:\"position\";i:1;s:10:\"is_visible\";i:1;s:12:\"is_variation\";i:0;s:11:\"is_taxonomy\";i:0;}s:14:\"how-to-wear-it\";a:6:{s:4:\"name\";s:14:\"How to wear it\";s:5:\"value\";s:175:\"Puedes a\u00f1adir el par a tu outfit para elevar el look, ya sea en los pu\u00f1os o en el cuello, o incorporando botones en tus camisetas para colocar estos bonitos cubre botones.  \";s:8:\"position\";i:2;s:10:\"is_visible\";i:1;s:12:\"is_variation\";i:0;s:11:\"is_taxonomy\";i:0;}s:4:\"size\";a:6:{s:4:\"name\";s:4:\"Size\";s:5:\"value\";s:21:\"\"Peque\u00f1o\" | \"Grande\"\";s:8:\"position\";i:3;s:10:\"is_visible\";i:1;s:12:\"is_variation\";i:1;s:11:\"is_taxonomy\";i:0;}}"],"attr_label_translations":["a:1:{s:2:\"es\";a:4:{s:8:\"material\";s:8:\"Material\";s:10:\"dimensions\";s:11:\"Dimensiones\";s:14:\"how-to-wear-it\";s:13:\"C\u00f3mo lucirlo\";s:4:\"size\";s:7:\"Tama\u00f1o\";}}"],"_wcml_average_rating":[null],"_wcml_review_count":[null],"_wcml_rating_count":[null],"_backorders":["no"],"_download_limit":["-1"],"_download_expiry":["-1"],"_downloadable":["no"],"_manage_stock":["no"],"_sku":["HMBCPWH"],"_stock_status":["instock"],"_sold_individually":["no"],"_tax_class":[""],"_tax_status":["taxable"],"_virtual":["no"],"_weight":["0.25"],"_width":["6"],"_height":["12"],"_length":["9"],"total_sales":["4"],"_regular_price":["25.95"],"_price":["19.95","25.95"],"stick-header-meta":["default"],"site-sidebar-layout":["default"],"theme-transparent-header-meta":["default"],"ast-site-content-layout":["default"],"site-content-style":["default"],"site-sidebar-style":["default"],"rank_math_primary_product_cat":["203"],"_top_nav_excluded":[""],"_cms_nav_minihome":[""],"_purchase_note":["\u00a1Gracias por tu compra, estamos imprimiendo tu pedido!"],"rank_math_facebook_description":["Cubre bot\u00f3n media luna Perla Blanca, impreso en 3D en PLA Silk de origen vegetal. Disponible en dos tama\u00f1os y fabricado de forma sostenible en Espa\u00f1a. "],"_thumbnail_id":["6302"],"_last_translation_edit_mode":["translation-editor"],"_wpml_word_count":["158"],"_uag_css_file_name":["uag-css-6856.css"],"_wc_facebook_sync_enabled":["yes"],"fb_visibility":["yes"],"_wc_facebook_sync_enabled_v2":["yes"],"_uag_page_assets":["a:9:{s:3:\"css\";s:260:\".uag-blocks-common-selector{z-index:var(--z-index-desktop) !important}@media(max-width: 976px){.uag-blocks-common-selector{z-index:var(--z-index-tablet) !important}}@media(max-width: 767px){.uag-blocks-common-selector{z-index:var(--z-index-mobile) !important}}\";s:2:\"js\";s:0:\"\";s:18:\"current_block_list\";a:13:{i:0;s:11:\"core\/search\";i:1;s:10:\"core\/group\";i:2;s:12:\"core\/heading\";i:3;s:17:\"core\/latest-posts\";i:4;s:20:\"core\/latest-comments\";i:5;s:13:\"core\/archives\";i:6;s:15:\"core\/categories\";i:7;s:24:\"woocommerce\/price-filter\";i:8;s:24:\"woocommerce\/stock-filter\";i:9;s:17:\"core\/widget-group\";i:10;s:27:\"woocommerce\/product-on-sale\";i:11;s:26:\"woocommerce\/filter-wrapper\";i:12;s:14:\"core\/shortcode\";}s:8:\"uag_flag\";b:0;s:11:\"uag_version\";i:1777423253;s:6:\"gfonts\";a:0:{}s:10:\"gfonts_url\";s:0:\"\";s:12:\"gfonts_files\";a:0:{}s:14:\"uag_faq_layout\";b:0;}"],"_wc_rating_count":[""],"_wc_review_count":[""],"_wc_average_rating":[0]},"uagb_featured_image_src":{"full":["https:\/\/nodosbyg.com\/wp-content\/uploads\/2026\/02\/styling-button-cover-halfmoon-large-white-1.jpg",800,1200,false],"thumbnail":["https:\/\/nodosbyg.com\/wp-content\/uploads\/2026\/02\/styling-button-cover-halfmoon-large-white-1-150x150.jpg",150,150,true],"medium":["https:\/\/nodosbyg.com\/wp-content\/uploads\/2026\/02\/styling-button-cover-halfmoon-large-white-1-200x300.jpg",200,300,true],"medium_large":["https:\/\/nodosbyg.com\/wp-content\/uploads\/2026\/02\/styling-button-cover-halfmoon-large-white-1-768x1152.jpg",768,1152,true],"large":["https:\/\/nodosbyg.com\/wp-content\/uploads\/2026\/02\/styling-button-cover-halfmoon-large-white-1-683x1024.jpg",683,1024,true],"1536x1536":["https:\/\/nodosbyg.com\/wp-content\/uploads\/2026\/02\/styling-button-cover-halfmoon-large-white-1.jpg",800,1200,false],"2048x2048":["https:\/\/nodosbyg.com\/wp-content\/uploads\/2026\/02\/styling-button-cover-halfmoon-large-white-1.jpg",800,1200,false],"woocommerce_thumbnail":["https:\/\/nodosbyg.com\/wp-content\/uploads\/2026\/02\/styling-button-cover-halfmoon-large-white-1.jpg",800,1200,false],"woocommerce_single":["https:\/\/nodosbyg.com\/wp-content\/uploads\/2026\/02\/styling-button-cover-halfmoon-large-white-1.jpg",800,1200,false],"woocommerce_gallery_thumbnail":["https:\/\/nodosbyg.com\/wp-content\/uploads\/2026\/02\/styling-button-cover-halfmoon-large-white-1-100x100.jpg",100,100,true]},"uagb_author_info":{"display_name":"Gelareh H. Karimi","author_link":"https:\/\/nodosbyg.com\/es\/author\/"},"uagb_comment_info":0,"uagb_excerpt":"Cubre bot\u00f3n en forma de creciente, inspirado en la geometr\u00eda lunar Acabado suave en seda perla blanca Impreso en 3D en PLA Silk de origen vegetal (a base de almid\u00f3n de patata) Ultraligero y c\u00f3modo Se coloca de forma segura sobre botones est\u00e1ndar Acabado y ensamblado a mano en Madrid","_links":{"self":[{"href":"https:\/\/nodosbyg.com\/es\/wp-json\/wp\/v2\/product\/6856","targetHints":{"allow":["GET"]}}],"collection":[{"href":"https:\/\/nodosbyg.com\/es\/wp-json\/wp\/v2\/product"}],"about":[{"href":"https:\/\/nodosbyg.com\/es\/wp-json\/wp\/v2\/types\/product"}],"wp:featuredmedia":[{"embeddable":true,"href":"https:\/\/nodosbyg.com\/es\/wp-json\/wp\/v2\/media\/6302"}],"wp:attachment":[{"href":"https:\/\/nodosbyg.com\/es\/wp-json\/wp\/v2\/media?parent=6856"}],"wp:term":[{"taxonomy":"product_brand","embeddable":true,"href":"https:\/\/nodosbyg.com\/es\/wp-json\/wp\/v2\/product_brand?post=6856"},{"taxonomy":"product_cat","embeddable":true,"href":"https:\/\/nodosbyg.com\/es\/wp-json\/wp\/v2\/product_cat?post=6856"},{"taxonomy":"product_tag","embeddable":true,"href":"https:\/\/nodosbyg.com\/es\/wp-json\/wp\/v2\/product_tag?post=6856"}],"curies":[{"name":"wp","href":"https:\/\/api.w.org\/{rel}","templated":true}]}}