{"id":6855,"date":"2026-02-05T10:52:44","date_gmt":"2026-02-05T10:52:44","guid":{"rendered":"https:\/\/nodosbyg.com\/product\/cubre-boton-tipo-copa-violeta\/"},"modified":"2026-02-05T10:52:44","modified_gmt":"2026-02-05T10:52:44","slug":"cubre-boton-tipo-copa-violeta","status":"publish","type":"product","link":"https:\/\/nodosbyg.com\/es\/producto\/cubre-boton-tipo-copa-violeta\/","title":{"rendered":"Cubre bot\u00f3n tipo copa violeta"},"content":{"rendered":"<p data-start=\"6035\" data-end=\"6195\">El Cubre Bot\u00f3n Tipo Copa \u2013 Violeta Iridiscente evoca el espacio profundo y el misterio. Su superficie brillante y sus burbujas en relieve crean un accesorio refinado y futurista. <\/p>\n<p data-start=\"6197\" data-end=\"6314\">Fabricado en PLA Silk de origen vegetal y ensamblado a mano, ofrece comodidad, durabilidad y una fuerte presencia visual.<\/p>\n","protected":false},"excerpt":{"rendered":"<ul>\n<li data-start=\"5830\" data-end=\"5863\">\n<p data-start=\"5832\" data-end=\"5863\">Acabado en seda iridiscente violeta<\/p>\n<\/li>\n<li data-start=\"5864\" data-end=\"5901\">\n<p data-start=\"5866\" data-end=\"5901\">Forma escultural inspirada en el polvo estelar<\/p>\n<\/li>\n<li data-start=\"5902\" data-end=\"5928\">Se vende por pares<\/li>\n<li data-start=\"5902\" data-end=\"5928\">\n<p data-start=\"5904\" data-end=\"5928\">Impreso en 3D en PLA Silk<\/p>\n<\/li>\n<li data-start=\"5929\" data-end=\"5954\">\n<p data-start=\"5931\" data-end=\"5954\">Extremadamente ligero<\/p>\n<\/li>\n<li data-start=\"5955\" data-end=\"5984\">\n<p data-start=\"5957\" data-end=\"5984\">Se coloca f\u00e1cilmente sobre los botones<\/p>\n<\/li>\n<li data-start=\"5985\" data-end=\"6012\">\n<p data-start=\"5987\" data-end=\"6012\">Acabado a mano en Madrid<\/p>\n<\/li>\n<\/ul>\n","protected":false},"featured_media":6304,"template":"","meta":{"_uag_custom_page_level_css":"","site-sidebar-layout":"default","site-content-layout":"","ast-site-content-layout":"default","site-content-style":"default","site-sidebar-style":"default","ast-global-header-display":"","ast-banner-title-visibility":"","ast-main-header-display":"","ast-hfb-above-header-display":"","ast-hfb-below-header-display":"","ast-hfb-mobile-header-display":"","site-post-title":"","ast-breadcrumbs-content":"","ast-featured-img":"","footer-sml-layout":"","ast-disable-related-posts":"","theme-transparent-header-meta":"default","adv-header-id-meta":"","stick-header-meta":"default","header-above-stick-meta":"","header-main-stick-meta":"","header-below-stick-meta":"","astra-migrate-meta-layouts":"default","ast-page-background-enabled":"default","ast-page-background-meta":{"desktop":{"background-color":"var(--ast-global-color-4)","background-image":"","background-repeat":"repeat","background-position":"center center","background-size":"auto","background-attachment":"scroll","background-type":"","background-media":"","overlay-type":"","overlay-color":"","overlay-opacity":"","overlay-gradient":""},"tablet":{"background-color":"","background-image":"","background-repeat":"repeat","background-position":"center center","background-size":"auto","background-attachment":"scroll","background-type":"","background-media":"","overlay-type":"","overlay-color":"","overlay-opacity":"","overlay-gradient":""},"mobile":{"background-color":"","background-image":"","background-repeat":"repeat","background-position":"center center","background-size":"auto","background-attachment":"scroll","background-type":"","background-media":"","overlay-type":"","overlay-color":"","overlay-opacity":"","overlay-gradient":""}},"ast-content-background-meta":{"desktop":{"background-color":"var(--ast-global-color-5)","background-image":"","background-repeat":"repeat","background-position":"center center","background-size":"auto","background-attachment":"scroll","background-type":"","background-media":"","overlay-type":"","overlay-color":"","overlay-opacity":"","overlay-gradient":""},"tablet":{"background-color":"var(--ast-global-color-5)","background-image":"","background-repeat":"repeat","background-position":"center center","background-size":"auto","background-attachment":"scroll","background-type":"","background-media":"","overlay-type":"","overlay-color":"","overlay-opacity":"","overlay-gradient":""},"mobile":{"background-color":"var(--ast-global-color-5)","background-image":"","background-repeat":"repeat","background-position":"center center","background-size":"auto","background-attachment":"scroll","background-type":"","background-media":"","overlay-type":"","overlay-color":"","overlay-opacity":"","overlay-gradient":""}}},"product_brand":[],"product_cat":[216],"product_tag":[],"class_list":{"0":"post-6855","1":"product","2":"type-product","3":"status-publish","4":"has-post-thumbnail","6":"product_cat-cubre-botones","7":"desktop-align-center","8":"tablet-align-left","9":"mobile-align-left","10":"ast-product-gallery-layout-vertical-slider","11":"ast-product-tabs-layout-distributed","12":"ast-qv-on-image","14":"first","15":"instock","16":"shipping-taxable","17":"purchasable","18":"product-type-simple"},"spectra_custom_meta":{"rank_math_internal_links_processed":["1"],"_product_attributes":["a:3:{s:8:\"material\";a:6:{s:4:\"name\";s:8:\"Material\";s:5:\"value\";s:28:\"PLA Silk (de origen vegetal)\";s:8:\"position\";i:0;s:10:\"is_visible\";i:1;s:12:\"is_variation\";i:0;s:11:\"is_taxonomy\";i:0;}s:10:\"dimensions\";a:6:{s:4:\"name\";s:10:\"Dimensions\";s:5:\"value\";s:110:\"Mecanismo del bot\u00f3n: cubierta met\u00e1lica \u00d8 1,5 cm<br>Di\u00e1metro: 3,5 cm<br>Altura: 1,5 cm<br>Peso: ultraligero\";s:8:\"position\";i:1;s:10:\"is_visible\";i:1;s:12:\"is_variation\";i:0;s:11:\"is_taxonomy\";i:0;}s:14:\"how-to-wear-it\";a:6:{s:4:\"name\";s:14:\"How to wear it\";s:5:\"value\";s:175:\"Puedes a\u00f1adir el par a tu outfit para elevar el look, ya sea en los pu\u00f1os o en el cuello, o incorporando botones en tus camisetas para colocar estos bonitos cubre botones.  \";s:8:\"position\";i:2;s:10:\"is_visible\";i:1;s:12:\"is_variation\";i:0;s:11:\"is_taxonomy\";i:0;}}"],"attr_label_translations":["a:1:{s:2:\"es\";a:3:{s:8:\"material\";s:8:\"Material\";s:10:\"dimensions\";s:11:\"Dimensiones\";s:14:\"how-to-wear-it\";s:13:\"C\u00f3mo lucirlo\";}}"],"_wcml_average_rating":[null],"_wcml_review_count":[null],"_wcml_rating_count":[null],"_backorders":["no"],"_download_limit":["-1"],"_download_expiry":["-1"],"_downloadable":["no"],"_manage_stock":["no"],"_sku":["NBC-CUP-PW-5"],"_stock_status":["instock"],"_sold_individually":["no"],"_tax_class":[""],"_tax_status":["taxable"],"_virtual":["no"],"_weight":["0.25"],"_width":["6"],"_height":["12"],"_length":["9"],"total_sales":["0"],"_regular_price":["25.95"],"_price":["25.95"],"stick-header-meta":["default"],"site-sidebar-layout":["default"],"theme-transparent-header-meta":["default"],"ast-site-content-layout":["default"],"site-content-style":["default"],"site-sidebar-style":["default"],"rank_math_primary_product_cat":["203"],"_top_nav_excluded":[""],"_cms_nav_minihome":[""],"_purchase_note":["\u00a1Gracias por tu compra, estamos imprimiendo tu pedido!"],"rank_math_facebook_description":["Cubre bot\u00f3n tipo copa violeta iridiscente, impreso en 3D en PLA Silk de origen vegetal. Escultural y sostenible. "],"_thumbnail_id":["6304"],"_last_translation_edit_mode":["translation-editor"],"_wpml_word_count":["92"],"_uag_css_file_name":["uag-css-6855.css"],"fb_material":["PLA Silk (de origen vegetal)"],"_uag_page_assets":["a:9:{s:3:\"css\";s:260:\".uag-blocks-common-selector{z-index:var(--z-index-desktop) !important}@media(max-width: 976px){.uag-blocks-common-selector{z-index:var(--z-index-tablet) !important}}@media(max-width: 767px){.uag-blocks-common-selector{z-index:var(--z-index-mobile) !important}}\";s:2:\"js\";s:0:\"\";s:18:\"current_block_list\";a:13:{i:0;s:11:\"core\/search\";i:1;s:10:\"core\/group\";i:2;s:12:\"core\/heading\";i:3;s:17:\"core\/latest-posts\";i:4;s:20:\"core\/latest-comments\";i:5;s:13:\"core\/archives\";i:6;s:15:\"core\/categories\";i:7;s:24:\"woocommerce\/price-filter\";i:8;s:24:\"woocommerce\/stock-filter\";i:9;s:17:\"core\/widget-group\";i:10;s:27:\"woocommerce\/product-on-sale\";i:11;s:26:\"woocommerce\/filter-wrapper\";i:12;s:14:\"core\/shortcode\";}s:8:\"uag_flag\";b:0;s:11:\"uag_version\";i:1777423253;s:6:\"gfonts\";a:0:{}s:10:\"gfonts_url\";s:0:\"\";s:12:\"gfonts_files\";a:0:{}s:14:\"uag_faq_layout\";b:0;}"],"_wc_rating_count":[""],"_wc_review_count":[""],"_wc_average_rating":[0]},"uagb_featured_image_src":{"full":["https:\/\/nodosbyg.com\/wp-content\/uploads\/2026\/02\/styling-button-cover-copa-purple-1.jpg",800,1200,false],"thumbnail":["https:\/\/nodosbyg.com\/wp-content\/uploads\/2026\/02\/styling-button-cover-copa-purple-1-150x150.jpg",150,150,true],"medium":["https:\/\/nodosbyg.com\/wp-content\/uploads\/2026\/02\/styling-button-cover-copa-purple-1-200x300.jpg",200,300,true],"medium_large":["https:\/\/nodosbyg.com\/wp-content\/uploads\/2026\/02\/styling-button-cover-copa-purple-1-768x1152.jpg",768,1152,true],"large":["https:\/\/nodosbyg.com\/wp-content\/uploads\/2026\/02\/styling-button-cover-copa-purple-1-683x1024.jpg",683,1024,true],"1536x1536":["https:\/\/nodosbyg.com\/wp-content\/uploads\/2026\/02\/styling-button-cover-copa-purple-1.jpg",800,1200,false],"2048x2048":["https:\/\/nodosbyg.com\/wp-content\/uploads\/2026\/02\/styling-button-cover-copa-purple-1.jpg",800,1200,false],"woocommerce_thumbnail":["https:\/\/nodosbyg.com\/wp-content\/uploads\/2026\/02\/styling-button-cover-copa-purple-1.jpg",800,1200,false],"woocommerce_single":["https:\/\/nodosbyg.com\/wp-content\/uploads\/2026\/02\/styling-button-cover-copa-purple-1.jpg",800,1200,false],"woocommerce_gallery_thumbnail":["https:\/\/nodosbyg.com\/wp-content\/uploads\/2026\/02\/styling-button-cover-copa-purple-1-100x100.jpg",100,100,true]},"uagb_author_info":{"display_name":"Gelareh H. Karimi","author_link":"https:\/\/nodosbyg.com\/es\/author\/"},"uagb_comment_info":0,"uagb_excerpt":"Acabado en seda iridiscente violeta Forma escultural inspirada en el polvo estelar Se vende por pares Impreso en 3D en PLA Silk Extremadamente ligero Se coloca f\u00e1cilmente sobre los botones Acabado a mano en Madrid","_links":{"self":[{"href":"https:\/\/nodosbyg.com\/es\/wp-json\/wp\/v2\/product\/6855","targetHints":{"allow":["GET"]}}],"collection":[{"href":"https:\/\/nodosbyg.com\/es\/wp-json\/wp\/v2\/product"}],"about":[{"href":"https:\/\/nodosbyg.com\/es\/wp-json\/wp\/v2\/types\/product"}],"wp:featuredmedia":[{"embeddable":true,"href":"https:\/\/nodosbyg.com\/es\/wp-json\/wp\/v2\/media\/6304"}],"wp:attachment":[{"href":"https:\/\/nodosbyg.com\/es\/wp-json\/wp\/v2\/media?parent=6855"}],"wp:term":[{"taxonomy":"product_brand","embeddable":true,"href":"https:\/\/nodosbyg.com\/es\/wp-json\/wp\/v2\/product_brand?post=6855"},{"taxonomy":"product_cat","embeddable":true,"href":"https:\/\/nodosbyg.com\/es\/wp-json\/wp\/v2\/product_cat?post=6855"},{"taxonomy":"product_tag","embeddable":true,"href":"https:\/\/nodosbyg.com\/es\/wp-json\/wp\/v2\/product_tag?post=6855"}],"curies":[{"name":"wp","href":"https:\/\/api.w.org\/{rel}","templated":true}]}}