{"id":6852,"date":"2026-02-05T09:49:11","date_gmt":"2026-02-05T09:49:11","guid":{"rendered":"https:\/\/nodosbyg.com\/product\/cubre-boton-tipo-copa-cian\/"},"modified":"2026-03-06T18:34:13","modified_gmt":"2026-03-06T18:34:13","slug":"cubre-boton-tipo-copa-cian","status":"publish","type":"product","link":"https:\/\/nodosbyg.com\/es\/producto\/cubre-boton-tipo-copa-cian\/","title":{"rendered":"Cubre bot\u00f3n tipo copa cian"},"content":{"rendered":"<p data-start=\"3824\" data-end=\"3983\">El Cubre Bot\u00f3n Tipo Copa \u2013 Cian aporta un tono fresco y en\u00e9rgico a la colecci\u00f3n. Su superficie luminosa y su volumen escultural evocan part\u00edculas de luz en movimiento. <\/p>\n<p data-start=\"3985\" data-end=\"4079\">Dise\u00f1ado digitalmente, impreso en 3D y ensamblado a mano, combina innovaci\u00f3n, color y comodidad.<\/p>\n","protected":false},"excerpt":{"rendered":"<ul>\n<li data-start=\"3615\" data-end=\"3644\">\n<p data-start=\"3617\" data-end=\"3644\">Cubre botones cian<\/p>\n<\/li>\n<li data-start=\"3645\" data-end=\"3681\">\n<p data-start=\"3647\" data-end=\"3681\">textura de burbujas<\/p>\n<\/li>\n<li data-start=\"3682\" data-end=\"3720\">\n<p data-start=\"3684\" data-end=\"3720\">Impreso en PLA de origen vegetal<\/p>\n<\/li>\n<li data-start=\"3721\" data-end=\"3746\">\n<p data-start=\"3723\" data-end=\"3746\">Muy ligero<\/p>\n<\/li>\n<li data-start=\"3747\" data-end=\"3771\">\n<p data-start=\"3749\" data-end=\"3771\">Mecanismo met\u00e1lico de clip<\/p>\n<\/li>\n<li data-start=\"3772\" data-end=\"3801\">\n<p data-start=\"3774\" data-end=\"3801\">Hecho en Espa\u00f1a de forma sostenible<\/p>\n<\/li>\n<\/ul>\n","protected":false},"featured_media":6311,"template":"","meta":{"_uag_custom_page_level_css":"","site-sidebar-layout":"default","site-content-layout":"","ast-site-content-layout":"default","site-content-style":"default","site-sidebar-style":"default","ast-global-header-display":"","ast-banner-title-visibility":"","ast-main-header-display":"","ast-hfb-above-header-display":"","ast-hfb-below-header-display":"","ast-hfb-mobile-header-display":"","site-post-title":"","ast-breadcrumbs-content":"","ast-featured-img":"","footer-sml-layout":"","ast-disable-related-posts":"","theme-transparent-header-meta":"default","adv-header-id-meta":"","stick-header-meta":"default","header-above-stick-meta":"","header-main-stick-meta":"","header-below-stick-meta":"","astra-migrate-meta-layouts":"default","ast-page-background-enabled":"default","ast-page-background-meta":{"desktop":{"background-color":"var(--ast-global-color-4)","background-image":"","background-repeat":"repeat","background-position":"center center","background-size":"auto","background-attachment":"scroll","background-type":"","background-media":"","overlay-type":"","overlay-color":"","overlay-opacity":"","overlay-gradient":""},"tablet":{"background-color":"","background-image":"","background-repeat":"repeat","background-position":"center center","background-size":"auto","background-attachment":"scroll","background-type":"","background-media":"","overlay-type":"","overlay-color":"","overlay-opacity":"","overlay-gradient":""},"mobile":{"background-color":"","background-image":"","background-repeat":"repeat","background-position":"center center","background-size":"auto","background-attachment":"scroll","background-type":"","background-media":"","overlay-type":"","overlay-color":"","overlay-opacity":"","overlay-gradient":""}},"ast-content-background-meta":{"desktop":{"background-color":"var(--ast-global-color-5)","background-image":"","background-repeat":"repeat","background-position":"center center","background-size":"auto","background-attachment":"scroll","background-type":"","background-media":"","overlay-type":"","overlay-color":"","overlay-opacity":"","overlay-gradient":""},"tablet":{"background-color":"var(--ast-global-color-5)","background-image":"","background-repeat":"repeat","background-position":"center center","background-size":"auto","background-attachment":"scroll","background-type":"","background-media":"","overlay-type":"","overlay-color":"","overlay-opacity":"","overlay-gradient":""},"mobile":{"background-color":"var(--ast-global-color-5)","background-image":"","background-repeat":"repeat","background-position":"center center","background-size":"auto","background-attachment":"scroll","background-type":"","background-media":"","overlay-type":"","overlay-color":"","overlay-opacity":"","overlay-gradient":""}}},"product_brand":[],"product_cat":[216],"product_tag":[],"class_list":{"0":"post-6852","1":"product","2":"type-product","3":"status-publish","4":"has-post-thumbnail","6":"product_cat-cubre-botones","7":"desktop-align-center","8":"tablet-align-left","9":"mobile-align-left","10":"ast-product-gallery-layout-vertical-slider","11":"ast-product-tabs-layout-distributed","12":"ast-qv-on-image","14":"first","15":"instock","16":"shipping-taxable","17":"purchasable","18":"product-type-simple"},"spectra_custom_meta":{"rank_math_internal_links_processed":["1"],"_product_attributes":["a:3:{s:8:\"material\";a:6:{s:4:\"name\";s:8:\"Material\";s:5:\"value\";s:28:\"PLA Silk (de origen vegetal)\";s:8:\"position\";i:0;s:10:\"is_visible\";i:1;s:12:\"is_variation\";i:0;s:11:\"is_taxonomy\";i:0;}s:10:\"dimensions\";a:6:{s:4:\"name\";s:10:\"Dimensions\";s:5:\"value\";s:110:\"Mecanismo del bot\u00f3n: cubierta met\u00e1lica \u00d8 1,5 cm<br>Di\u00e1metro: 3,5 cm<br>Altura: 1,5 cm<br>Peso: ultraligero\";s:8:\"position\";i:1;s:10:\"is_visible\";i:1;s:12:\"is_variation\";i:0;s:11:\"is_taxonomy\";i:0;}s:14:\"how-to-wear-it\";a:6:{s:4:\"name\";s:14:\"How to wear it\";s:5:\"value\";s:175:\"Puedes a\u00f1adir el par a tu outfit para elevar el look, ya sea en los pu\u00f1os o en el cuello, o incorporando botones en tus camisetas para colocar estos bonitos cubre botones.  \";s:8:\"position\";i:2;s:10:\"is_visible\";i:1;s:12:\"is_variation\";i:0;s:11:\"is_taxonomy\";i:0;}}"],"attr_label_translations":["a:1:{s:2:\"es\";a:3:{s:8:\"material\";s:8:\"Material\";s:10:\"dimensions\";s:11:\"Dimensiones\";s:14:\"how-to-wear-it\";s:13:\"C\u00f3mo lucirlo\";}}"],"_wcml_average_rating":[null],"_wcml_review_count":[null],"_wcml_rating_count":[null],"_backorders":["no"],"_download_limit":["-1"],"_download_expiry":["-1"],"_downloadable":["no"],"_manage_stock":["no"],"_sku":["NBC-CUP-PW-2"],"_stock_status":["instock"],"_sold_individually":["no"],"_tax_class":[""],"_tax_status":["taxable"],"_virtual":["no"],"_weight":["0.25"],"_width":["6"],"_height":["12"],"_length":["9"],"total_sales":["0"],"_regular_price":["25.95"],"_price":["25.95"],"stick-header-meta":["default"],"site-sidebar-layout":["default"],"theme-transparent-header-meta":["default"],"ast-site-content-layout":["default"],"site-content-style":["default"],"site-sidebar-style":["default"],"rank_math_primary_product_cat":["203"],"_top_nav_excluded":[""],"_cms_nav_minihome":[""],"_thumbnail_id":["6311"],"_last_translation_edit_mode":["translation-editor"],"_wpml_word_count":["75"],"_purchase_note":["\u00a1Gracias por tu compra, estamos imprimiendo tu pedido!"],"rank_math_facebook_description":["Cyan Cup Button Cover in plant-based PLA Silk. Vibrant, lightweight and sustainable. "],"_uag_css_file_name":["uag-css-6852.css"],"fb_material":["PLA Silk (de origen vegetal)"],"_uag_page_assets":["a:9:{s:3:\"css\";s:260:\".uag-blocks-common-selector{z-index:var(--z-index-desktop) !important}@media(max-width: 976px){.uag-blocks-common-selector{z-index:var(--z-index-tablet) !important}}@media(max-width: 767px){.uag-blocks-common-selector{z-index:var(--z-index-mobile) !important}}\";s:2:\"js\";s:0:\"\";s:18:\"current_block_list\";a:13:{i:0;s:11:\"core\/search\";i:1;s:10:\"core\/group\";i:2;s:12:\"core\/heading\";i:3;s:17:\"core\/latest-posts\";i:4;s:20:\"core\/latest-comments\";i:5;s:13:\"core\/archives\";i:6;s:15:\"core\/categories\";i:7;s:24:\"woocommerce\/price-filter\";i:8;s:24:\"woocommerce\/stock-filter\";i:9;s:17:\"core\/widget-group\";i:10;s:27:\"woocommerce\/product-on-sale\";i:11;s:26:\"woocommerce\/filter-wrapper\";i:12;s:14:\"core\/shortcode\";}s:8:\"uag_flag\";b:0;s:11:\"uag_version\";i:1777423253;s:6:\"gfonts\";a:0:{}s:10:\"gfonts_url\";s:0:\"\";s:12:\"gfonts_files\";a:0:{}s:14:\"uag_faq_layout\";b:0;}"],"_wc_rating_count":[""],"_wc_review_count":[""],"_wc_average_rating":[0]},"uagb_featured_image_src":{"full":["https:\/\/nodosbyg.com\/wp-content\/uploads\/2026\/02\/styling-button-cover-copa-cyan-2.jpg",800,1200,false],"thumbnail":["https:\/\/nodosbyg.com\/wp-content\/uploads\/2026\/02\/styling-button-cover-copa-cyan-2-150x150.jpg",150,150,true],"medium":["https:\/\/nodosbyg.com\/wp-content\/uploads\/2026\/02\/styling-button-cover-copa-cyan-2-200x300.jpg",200,300,true],"medium_large":["https:\/\/nodosbyg.com\/wp-content\/uploads\/2026\/02\/styling-button-cover-copa-cyan-2-768x1152.jpg",768,1152,true],"large":["https:\/\/nodosbyg.com\/wp-content\/uploads\/2026\/02\/styling-button-cover-copa-cyan-2-683x1024.jpg",683,1024,true],"1536x1536":["https:\/\/nodosbyg.com\/wp-content\/uploads\/2026\/02\/styling-button-cover-copa-cyan-2.jpg",800,1200,false],"2048x2048":["https:\/\/nodosbyg.com\/wp-content\/uploads\/2026\/02\/styling-button-cover-copa-cyan-2.jpg",800,1200,false],"woocommerce_thumbnail":["https:\/\/nodosbyg.com\/wp-content\/uploads\/2026\/02\/styling-button-cover-copa-cyan-2.jpg",800,1200,false],"woocommerce_single":["https:\/\/nodosbyg.com\/wp-content\/uploads\/2026\/02\/styling-button-cover-copa-cyan-2.jpg",800,1200,false],"woocommerce_gallery_thumbnail":["https:\/\/nodosbyg.com\/wp-content\/uploads\/2026\/02\/styling-button-cover-copa-cyan-2-100x100.jpg",100,100,true]},"uagb_author_info":{"display_name":"Gelareh H. Karimi","author_link":"https:\/\/nodosbyg.com\/es\/author\/"},"uagb_comment_info":0,"uagb_excerpt":"Cubre botones cian textura de burbujas Impreso en PLA de origen vegetal Muy ligero Mecanismo met\u00e1lico de clip Hecho en Espa\u00f1a de forma sostenible","_links":{"self":[{"href":"https:\/\/nodosbyg.com\/es\/wp-json\/wp\/v2\/product\/6852","targetHints":{"allow":["GET"]}}],"collection":[{"href":"https:\/\/nodosbyg.com\/es\/wp-json\/wp\/v2\/product"}],"about":[{"href":"https:\/\/nodosbyg.com\/es\/wp-json\/wp\/v2\/types\/product"}],"wp:featuredmedia":[{"embeddable":true,"href":"https:\/\/nodosbyg.com\/es\/wp-json\/wp\/v2\/media\/6311"}],"wp:attachment":[{"href":"https:\/\/nodosbyg.com\/es\/wp-json\/wp\/v2\/media?parent=6852"}],"wp:term":[{"taxonomy":"product_brand","embeddable":true,"href":"https:\/\/nodosbyg.com\/es\/wp-json\/wp\/v2\/product_brand?post=6852"},{"taxonomy":"product_cat","embeddable":true,"href":"https:\/\/nodosbyg.com\/es\/wp-json\/wp\/v2\/product_cat?post=6852"},{"taxonomy":"product_tag","embeddable":true,"href":"https:\/\/nodosbyg.com\/es\/wp-json\/wp\/v2\/product_tag?post=6852"}],"curies":[{"name":"wp","href":"https:\/\/api.w.org\/{rel}","templated":true}]}}