{"id":6822,"date":"2026-02-04T09:19:39","date_gmt":"2026-02-04T09:19:39","guid":{"rendered":"https:\/\/nodosbyg.com\/product\/anillo-tipo-copa-sky-node-cian\/"},"modified":"2026-02-04T09:19:39","modified_gmt":"2026-02-04T09:19:39","slug":"anillo-tipo-copa-sky-node-cian","status":"publish","type":"product","link":"https:\/\/nodosbyg.com\/es\/producto\/anillo-tipo-copa-sky-node-cian\/","title":{"rendered":"Anillo tipo copa Sky Node cian"},"content":{"rendered":"<ul>\n<li>Anillo tipo copa diamantada con burbujas cian<\/li>\n<li>Brillo met\u00e1lico ligero<\/li>\n<li>Ultraligero y ajustable<\/li>\n<li>Pieza llamativa para llevar sola o en capas<\/li>\n<\/ul>\n<p>Sky Node \u2014 Cup Ring captura la elegancia ligera de las burbujas de polvo estelar cian sobre una forma escult\u00f3rica de copa diamantada. Su acabado met\u00e1lico cian aporta energ\u00eda juguetona, manteniendo el anillo c\u00f3modo para el uso diario. <\/p>\n<p>Impreso en PLA Silk, terminado a mano y montado en una banda ajustable de acero inoxidable para ofrecer comodidad, flexibilidad y durabilidad.<\/p>\n","protected":false},"excerpt":{"rendered":"<ul>\n<li>Anillo tipo copa diamantada con burbujas cian<\/li>\n<li>Brillo met\u00e1lico ligero<\/li>\n<li>Ultraligero y ajustable<\/li>\n<li>Pieza llamativa para llevar sola o en capas<\/li>\n<li>Banda ajustable de acero inoxidable<\/li>\n<li><span style=\"font-size: 16px;\">Hipoalerg\u00e9nico<\/span><\/li>\n<li>Lavable<\/li>\n<li>Color estable con el tiempo<\/li>\n<li>Hecho en Espa\u00f1a<\/li>\n<\/ul>\n","protected":false},"featured_media":6387,"template":"","meta":{"_uag_custom_page_level_css":"","site-sidebar-layout":"default","site-content-layout":"","ast-site-content-layout":"default","site-content-style":"default","site-sidebar-style":"default","ast-global-header-display":"","ast-banner-title-visibility":"","ast-main-header-display":"","ast-hfb-above-header-display":"","ast-hfb-below-header-display":"","ast-hfb-mobile-header-display":"","site-post-title":"","ast-breadcrumbs-content":"","ast-featured-img":"","footer-sml-layout":"","ast-disable-related-posts":"","theme-transparent-header-meta":"default","adv-header-id-meta":"","stick-header-meta":"default","header-above-stick-meta":"","header-main-stick-meta":"","header-below-stick-meta":"","astra-migrate-meta-layouts":"default","ast-page-background-enabled":"default","ast-page-background-meta":{"desktop":{"background-color":"var(--ast-global-color-4)","background-image":"","background-repeat":"repeat","background-position":"center center","background-size":"auto","background-attachment":"scroll","background-type":"","background-media":"","overlay-type":"","overlay-color":"","overlay-opacity":"","overlay-gradient":""},"tablet":{"background-color":"","background-image":"","background-repeat":"repeat","background-position":"center center","background-size":"auto","background-attachment":"scroll","background-type":"","background-media":"","overlay-type":"","overlay-color":"","overlay-opacity":"","overlay-gradient":""},"mobile":{"background-color":"","background-image":"","background-repeat":"repeat","background-position":"center center","background-size":"auto","background-attachment":"scroll","background-type":"","background-media":"","overlay-type":"","overlay-color":"","overlay-opacity":"","overlay-gradient":""}},"ast-content-background-meta":{"desktop":{"background-color":"var(--ast-global-color-5)","background-image":"","background-repeat":"repeat","background-position":"center center","background-size":"auto","background-attachment":"scroll","background-type":"","background-media":"","overlay-type":"","overlay-color":"","overlay-opacity":"","overlay-gradient":""},"tablet":{"background-color":"var(--ast-global-color-5)","background-image":"","background-repeat":"repeat","background-position":"center center","background-size":"auto","background-attachment":"scroll","background-type":"","background-media":"","overlay-type":"","overlay-color":"","overlay-opacity":"","overlay-gradient":""},"mobile":{"background-color":"var(--ast-global-color-5)","background-image":"","background-repeat":"repeat","background-position":"center center","background-size":"auto","background-attachment":"scroll","background-type":"","background-media":"","overlay-type":"","overlay-color":"","overlay-opacity":"","overlay-gradient":""}}},"product_brand":[],"product_cat":[213],"product_tag":[215,214],"class_list":{"0":"post-6822","1":"product","2":"type-product","3":"status-publish","4":"has-post-thumbnail","6":"product_cat-anillos-3d","7":"product_tag-almidon-de-patata","8":"product_tag-anillo-3d","9":"product_shipping_class-envio-ordinario","10":"desktop-align-center","11":"tablet-align-left","12":"mobile-align-left","13":"ast-product-gallery-layout-vertical-slider","14":"ast-product-tabs-layout-distributed","15":"ast-qv-on-image","17":"first","18":"instock","19":"shipping-taxable","20":"purchasable","21":"product-type-simple"},"spectra_custom_meta":{"rank_math_internal_links_processed":["1"],"_product_attributes":["a:3:{s:8:\"material\";a:6:{s:4:\"name\";s:8:\"Material\";s:5:\"value\";s:41:\"PLA Silk (biopol\u00edmero de origen vegetal)\";s:8:\"position\";i:0;s:10:\"is_visible\";i:1;s:12:\"is_variation\";i:0;s:11:\"is_taxonomy\";i:0;}s:4:\"band\";a:6:{s:4:\"name\";s:4:\"Band\";s:5:\"value\";s:26:\"Acero inoxidable ajustable\";s:8:\"position\";i:1;s:10:\"is_visible\";i:1;s:12:\"is_variation\";i:0;s:11:\"is_taxonomy\";i:0;}s:15:\"characteristics\";a:6:{s:4:\"name\";s:15:\"Characteristics\";s:5:\"value\";s:72:\"Ultraligero<br>Hipoalerg\u00e9nico<br>Lavable<br>Color estable con el tiempo\";s:8:\"position\";i:2;s:10:\"is_visible\";i:1;s:12:\"is_variation\";i:0;s:11:\"is_taxonomy\";i:0;}}"],"attr_label_translations":["a:1:{s:2:\"es\";a:3:{s:8:\"material\";s:8:\"Material\";s:4:\"band\";s:6:\"Anillo\";s:15:\"characteristics\";s:16:\"Caracter\u00edsticas\";}}"],"_wcml_average_rating":[null],"_wcml_review_count":[null],"_wcml_rating_count":[null],"_backorders":["no"],"_download_limit":["-1"],"_download_expiry":["-1"],"_downloadable":["no"],"_manage_stock":["no"],"_sku":["NOD-CR-SN"],"_stock_status":["instock"],"_sold_individually":["no"],"_tax_class":[""],"_tax_status":["taxable"],"_virtual":["no"],"_weight":["0.25"],"_width":["3"],"_height":["3"],"_length":["4.5"],"total_sales":["0"],"_regular_price":["19.95"],"_price":["19.95"],"stick-header-meta":["default"],"site-sidebar-layout":["default"],"theme-transparent-header-meta":["default"],"ast-site-content-layout":["default"],"site-content-style":["default"],"site-sidebar-style":["default"],"rank_math_primary_product_cat":["199"],"_top_nav_excluded":[""],"_cms_nav_minihome":[""],"_purchase_note":["Bienvenidos a la nueva era de la moda. Estamos imprimiendo su pedido.  "],"rank_math_facebook_description":["Anillo tipo copa diamantada con burbujas cian en PLA Silk y banda ajustable de acero inoxidable. Ligero, escult\u00f3rico y sostenible. \n"],"_thumbnail_id":["6387"],"_last_translation_edit_mode":["translation-editor"],"_wpml_word_count":["134"],"_uag_css_file_name":["uag-css-6822.css"],"fb_material":["PLA Silk (biopol\u00edmero de origen vegetal)"],"_uag_page_assets":["a:9:{s:3:\"css\";s:263:\".uag-blocks-common-selector{z-index:var(--z-index-desktop) !important}@media (max-width: 976px){.uag-blocks-common-selector{z-index:var(--z-index-tablet) !important}}@media (max-width: 767px){.uag-blocks-common-selector{z-index:var(--z-index-mobile) !important}}\n\";s:2:\"js\";s:0:\"\";s:18:\"current_block_list\";a:13:{i:0;s:11:\"core\/search\";i:1;s:10:\"core\/group\";i:2;s:12:\"core\/heading\";i:3;s:17:\"core\/latest-posts\";i:4;s:20:\"core\/latest-comments\";i:5;s:13:\"core\/archives\";i:6;s:15:\"core\/categories\";i:7;s:24:\"woocommerce\/price-filter\";i:8;s:24:\"woocommerce\/stock-filter\";i:9;s:17:\"core\/widget-group\";i:10;s:27:\"woocommerce\/product-on-sale\";i:11;s:26:\"woocommerce\/filter-wrapper\";i:12;s:14:\"core\/shortcode\";}s:8:\"uag_flag\";b:0;s:11:\"uag_version\";i:1776785822;s:6:\"gfonts\";a:0:{}s:10:\"gfonts_url\";s:0:\"\";s:12:\"gfonts_files\";a:0:{}s:14:\"uag_faq_layout\";b:0;}"],"_wc_rating_count":[""],"_wc_review_count":[""],"_wc_average_rating":[0]},"uagb_featured_image_src":{"full":["https:\/\/nodosbyg.com\/wp-content\/uploads\/2026\/02\/copa-ring-cyan-front-1.jpg",800,1200,false],"thumbnail":["https:\/\/nodosbyg.com\/wp-content\/uploads\/2026\/02\/copa-ring-cyan-front-1-150x150.jpg",150,150,true],"medium":["https:\/\/nodosbyg.com\/wp-content\/uploads\/2026\/02\/copa-ring-cyan-front-1-200x300.jpg",200,300,true],"medium_large":["https:\/\/nodosbyg.com\/wp-content\/uploads\/2026\/02\/copa-ring-cyan-front-1-768x1152.jpg",768,1152,true],"large":["https:\/\/nodosbyg.com\/wp-content\/uploads\/2026\/02\/copa-ring-cyan-front-1-683x1024.jpg",683,1024,true],"1536x1536":["https:\/\/nodosbyg.com\/wp-content\/uploads\/2026\/02\/copa-ring-cyan-front-1.jpg",800,1200,false],"2048x2048":["https:\/\/nodosbyg.com\/wp-content\/uploads\/2026\/02\/copa-ring-cyan-front-1.jpg",800,1200,false],"woocommerce_thumbnail":["https:\/\/nodosbyg.com\/wp-content\/uploads\/2026\/02\/copa-ring-cyan-front-1.jpg",800,1200,false],"woocommerce_single":["https:\/\/nodosbyg.com\/wp-content\/uploads\/2026\/02\/copa-ring-cyan-front-1.jpg",800,1200,false],"woocommerce_gallery_thumbnail":["https:\/\/nodosbyg.com\/wp-content\/uploads\/2026\/02\/copa-ring-cyan-front-1-100x100.jpg",100,100,true]},"uagb_author_info":{"display_name":"Gelareh H. Karimi","author_link":"https:\/\/nodosbyg.com\/es\/author\/"},"uagb_comment_info":0,"uagb_excerpt":"Anillo tipo copa diamantada con burbujas cian Brillo met\u00e1lico ligero Ultraligero y ajustable Pieza llamativa para llevar sola o en capas Banda ajustable de acero inoxidable Hipoalerg\u00e9nico Lavable Color estable con el tiempo Hecho en Espa\u00f1a","_links":{"self":[{"href":"https:\/\/nodosbyg.com\/es\/wp-json\/wp\/v2\/product\/6822","targetHints":{"allow":["GET"]}}],"collection":[{"href":"https:\/\/nodosbyg.com\/es\/wp-json\/wp\/v2\/product"}],"about":[{"href":"https:\/\/nodosbyg.com\/es\/wp-json\/wp\/v2\/types\/product"}],"wp:featuredmedia":[{"embeddable":true,"href":"https:\/\/nodosbyg.com\/es\/wp-json\/wp\/v2\/media\/6387"}],"wp:attachment":[{"href":"https:\/\/nodosbyg.com\/es\/wp-json\/wp\/v2\/media?parent=6822"}],"wp:term":[{"taxonomy":"product_brand","embeddable":true,"href":"https:\/\/nodosbyg.com\/es\/wp-json\/wp\/v2\/product_brand?post=6822"},{"taxonomy":"product_cat","embeddable":true,"href":"https:\/\/nodosbyg.com\/es\/wp-json\/wp\/v2\/product_cat?post=6822"},{"taxonomy":"product_tag","embeddable":true,"href":"https:\/\/nodosbyg.com\/es\/wp-json\/wp\/v2\/product_tag?post=6822"}],"curies":[{"name":"wp","href":"https:\/\/api.w.org\/{rel}","templated":true}]}}