{"id":6730,"date":"2026-03-04T16:22:27","date_gmt":"2026-03-04T16:22:27","guid":{"rendered":"https:\/\/nodosbyg.com\/product\/introduccion-al-diseno-e-impresion-3d-taller-para-adultos\/"},"modified":"2026-04-01T14:57:13","modified_gmt":"2026-04-01T14:57:13","slug":"introduccion-al-diseno-e-impresion-3d-taller-para-adultos","status":"publish","type":"product","link":"https:\/\/nodosbyg.com\/es\/producto\/introduccion-al-diseno-e-impresion-3d-taller-para-adultos\/","title":{"rendered":"Introducci\u00f3n al Dise\u00f1o e Impresi\u00f3n 3D \u2014 Taller para Adultos"},"content":{"rendered":"<p data-start=\"1182\" data-end=\"1287\">Una experiencia pr\u00e1ctica e inspiradora para adultos interesados en el dise\u00f1o, la tecnolog\u00eda y la fabricaci\u00f3n digital.<\/p>\n<p data-start=\"1289\" data-end=\"1315\">En este taller podr\u00e1s:<\/p>\n<ul data-start=\"1317\" data-end=\"1529\">\n<li data-start=\"1317\" data-end=\"1358\">\n<p data-start=\"1319\" data-end=\"1358\">Aprender\u00e1s los fundamentos del modelado 3D<\/p>\n<\/li>\n<li data-start=\"1359\" data-end=\"1401\">\n<p data-start=\"1361\" data-end=\"1401\">Dise\u00f1ar\u00e1s un objeto funcional o creativo<\/p>\n<\/li>\n<li data-start=\"1402\" data-end=\"1435\">\n<p data-start=\"1404\" data-end=\"1435\">Preparar\u00e1s archivos para la impresi\u00f3n 3D<\/p>\n<\/li>\n<li data-start=\"1436\" data-end=\"1485\">\n<p data-start=\"1438\" data-end=\"1485\">Comprender\u00e1s los materiales y las t\u00e9cnicas de acabado<\/p>\n<\/li>\n<li data-start=\"1486\" data-end=\"1529\">\n<p data-start=\"1488\" data-end=\"1529\">Ver\u00e1s tu pieza producida en una impresora 3D<\/p>\n<\/li>\n<\/ul>\n<p data-start=\"1531\" data-end=\"1640\">Ideal para dise\u00f1adores, arquitectos, artistas, creativos o mentes curiosas que quieran explorar la fabricaci\u00f3n digital.<\/p>\n<p data-start=\"1642\" data-end=\"1784\">La sesi\u00f3n combina conocimientos t\u00e9cnicos con exploraci\u00f3n creativa, prestando especial atenci\u00f3n a las aplicaciones en arte, moda y prototipado.<\/p>\n<p data-start=\"1786\" data-end=\"1891\"><strong data-start=\"1786\" data-end=\"1799\">Duraci\u00f3n:<\/strong> 2\u20133 horas<br data-start=\"1809\" data-end=\"1812\"><strong data-start=\"1812\" data-end=\"1825\">Ubicaci\u00f3n:<\/strong> Atenas o Madrid (seg\u00fan la elecci\u00f3n)<br data-start=\"1867\" data-end=\"1870\"><strong data-start=\"1870\" data-end=\"1880\">Nivel: <\/strong>Principiante<\/p>\n<p data-start=\"1893\" data-end=\"1981\">Saldr\u00e1s con las habilidades b\u00e1sicas necesarias para seguir desarrollando tus propios proyectos en 3D.<\/p>\n","protected":false},"excerpt":{"rendered":"<ul data-start=\"1317\" data-end=\"1529\">\n<li data-start=\"1317\" data-end=\"1358\">\n<p data-start=\"1319\" data-end=\"1358\">Aprender\u00e1s los fundamentos del modelado 3D<\/p>\n<\/li>\n<li data-start=\"1359\" data-end=\"1401\">\n<p data-start=\"1361\" data-end=\"1401\">Dise\u00f1ar\u00e1s un objeto funcional o creativo<\/p>\n<\/li>\n<li data-start=\"1402\" data-end=\"1435\">\n<p data-start=\"1404\" data-end=\"1435\">Preparar\u00e1s archivos para la impresi\u00f3n 3D<\/p>\n<\/li>\n<li data-start=\"1436\" data-end=\"1485\">\n<p data-start=\"1438\" data-end=\"1485\">Comprender\u00e1s los materiales y las t\u00e9cnicas de acabado<\/p>\n<\/li>\n<li data-start=\"1486\" data-end=\"1529\">\n<p data-start=\"1488\" data-end=\"1529\">Ver\u00e1s tu pieza producida en una impresora 3D<\/p>\n<\/li>\n<\/ul>\n","protected":false},"featured_media":6692,"template":"","meta":{"_uag_custom_page_level_css":"","site-sidebar-layout":"default","site-content-layout":"","ast-site-content-layout":"default","site-content-style":"default","site-sidebar-style":"default","ast-global-header-display":"","ast-banner-title-visibility":"","ast-main-header-display":"","ast-hfb-above-header-display":"","ast-hfb-below-header-display":"","ast-hfb-mobile-header-display":"","site-post-title":"","ast-breadcrumbs-content":"","ast-featured-img":"","footer-sml-layout":"","ast-disable-related-posts":"","theme-transparent-header-meta":"default","adv-header-id-meta":"","stick-header-meta":"default","header-above-stick-meta":"","header-main-stick-meta":"","header-below-stick-meta":"","astra-migrate-meta-layouts":"default","ast-page-background-enabled":"default","ast-page-background-meta":{"desktop":{"background-color":"var(--ast-global-color-4)","background-image":"","background-repeat":"repeat","background-position":"center center","background-size":"auto","background-attachment":"scroll","background-type":"","background-media":"","overlay-type":"","overlay-color":"","overlay-opacity":"","overlay-gradient":""},"tablet":{"background-color":"","background-image":"","background-repeat":"repeat","background-position":"center center","background-size":"auto","background-attachment":"scroll","background-type":"","background-media":"","overlay-type":"","overlay-color":"","overlay-opacity":"","overlay-gradient":""},"mobile":{"background-color":"","background-image":"","background-repeat":"repeat","background-position":"center center","background-size":"auto","background-attachment":"scroll","background-type":"","background-media":"","overlay-type":"","overlay-color":"","overlay-opacity":"","overlay-gradient":""}},"ast-content-background-meta":{"desktop":{"background-color":"var(--ast-global-color-5)","background-image":"","background-repeat":"repeat","background-position":"center center","background-size":"auto","background-attachment":"scroll","background-type":"","background-media":"","overlay-type":"","overlay-color":"","overlay-opacity":"","overlay-gradient":""},"tablet":{"background-color":"var(--ast-global-color-5)","background-image":"","background-repeat":"repeat","background-position":"center center","background-size":"auto","background-attachment":"scroll","background-type":"","background-media":"","overlay-type":"","overlay-color":"","overlay-opacity":"","overlay-gradient":""},"mobile":{"background-color":"var(--ast-global-color-5)","background-image":"","background-repeat":"repeat","background-position":"center center","background-size":"auto","background-attachment":"scroll","background-type":"","background-media":"","overlay-type":"","overlay-color":"","overlay-opacity":"","overlay-gradient":""}}},"product_brand":[],"product_cat":[212],"product_tag":[],"class_list":{"0":"post-6730","1":"product","2":"type-product","3":"status-publish","4":"has-post-thumbnail","6":"product_cat-academia-nodos","7":"product_shipping_class-sin-necesidad-de-envio","8":"desktop-align-center","9":"tablet-align-left","10":"mobile-align-left","11":"ast-product-gallery-layout-vertical-slider","12":"ast-product-single-variable","13":"ast-product-tabs-layout-distributed","14":"ast-qv-on-image","16":"first","17":"instock","18":"shipping-taxable","19":"purchasable","20":"product-type-variable"},"spectra_custom_meta":{"rank_math_internal_links_processed":["1"],"_product_attributes":["a:1:{s:4:\"city\";a:6:{s:4:\"name\";s:4:\"City\";s:5:\"value\";s:36:\"\"Madrid, Espa\u00f1a\" | \"Atenas, Grecia\"\";s:8:\"position\";i:0;s:10:\"is_visible\";i:1;s:12:\"is_variation\";i:1;s:11:\"is_taxonomy\";i:0;}}"],"attr_label_translations":["a:1:{s:2:\"es\";a:1:{s:4:\"city\";s:6:\"Ciudad\";}}"],"_wcml_average_rating":[null],"_wcml_review_count":[null],"_wcml_rating_count":[null],"_backorders":["no"],"_download_limit":["-1"],"_download_expiry":["-1"],"_downloadable":["no"],"_manage_stock":["no"],"_sku":["adult3dwork"],"_stock_status":["instock"],"_sold_individually":["no"],"_tax_class":[""],"_tax_status":["taxable"],"_virtual":["no"],"total_sales":["7"],"stick-header-meta":["default"],"site-sidebar-layout":["default"],"theme-transparent-header-meta":["default"],"ast-site-content-layout":["default"],"site-content-style":["default"],"site-sidebar-style":["default"],"_top_nav_excluded":[""],"_cms_nav_minihome":[""],"_thumbnail_id":["6692"],"_last_translation_edit_mode":["translation-editor"],"_wpml_word_count":["194"],"_price":["35"],"_product_image_gallery":["6694,6690,6688"],"_wc_facebook_sync_enabled":["yes"],"fb_visibility":["yes"],"_wc_facebook_sync_enabled_v2":["yes"],"_purchase_note":["Gracias, te esperamos en nuestro taller. "],"rank_math_facebook_description":["Una experiencia pr\u00e1ctica e inspiradora para adultos interesados en el dise\u00f1o, la tecnolog\u00eda y la fabricaci\u00f3n digital."],"_uag_css_file_name":["uag-css-6730.css"],"_uag_page_assets":["a:9:{s:3:\"css\";s:0:\"\";s:2:\"js\";s:0:\"\";s:18:\"current_block_list\";a:13:{i:0;s:11:\"core\/search\";i:1;s:10:\"core\/group\";i:2;s:12:\"core\/heading\";i:3;s:17:\"core\/latest-posts\";i:4;s:20:\"core\/latest-comments\";i:5;s:13:\"core\/archives\";i:6;s:15:\"core\/categories\";i:7;s:24:\"woocommerce\/price-filter\";i:8;s:24:\"woocommerce\/stock-filter\";i:9;s:17:\"core\/widget-group\";i:10;s:27:\"woocommerce\/product-on-sale\";i:11;s:26:\"woocommerce\/filter-wrapper\";i:12;s:14:\"core\/shortcode\";}s:8:\"uag_flag\";b:0;s:11:\"uag_version\";i:1776525134;s:6:\"gfonts\";a:0:{}s:10:\"gfonts_url\";s:0:\"\";s:12:\"gfonts_files\";a:0:{}s:14:\"uag_faq_layout\";b:0;}"],"_wc_rating_count":[""],"_wc_review_count":[""],"_wc_average_rating":[0]},"uagb_featured_image_src":{"full":["https:\/\/nodosbyg.com\/wp-content\/uploads\/2026\/03\/nodos-by-g-3d-modelling-scaled-e1772639933138.jpg",1920,2560,false],"thumbnail":["https:\/\/nodosbyg.com\/wp-content\/uploads\/2026\/03\/nodos-by-g-3d-modelling-150x150.jpg",150,150,true],"medium":["https:\/\/nodosbyg.com\/wp-content\/uploads\/2026\/03\/nodos-by-g-3d-modelling-225x300.jpg",225,300,true],"medium_large":["https:\/\/nodosbyg.com\/wp-content\/uploads\/2026\/03\/nodos-by-g-3d-modelling-768x1024.jpg",768,1024,true],"large":["https:\/\/nodosbyg.com\/wp-content\/uploads\/2026\/03\/nodos-by-g-3d-modelling-768x1024.jpg",768,1024,true],"1536x1536":["https:\/\/nodosbyg.com\/wp-content\/uploads\/2026\/03\/nodos-by-g-3d-modelling-1152x1536.jpg",1152,1536,true],"2048x2048":["https:\/\/nodosbyg.com\/wp-content\/uploads\/2026\/03\/nodos-by-g-3d-modelling-1536x2048.jpg",1536,2048,true],"woocommerce_thumbnail":["https:\/\/nodosbyg.com\/wp-content\/uploads\/2026\/03\/nodos-by-g-3d-modelling-1500x2000.jpg",1500,2000,true],"woocommerce_single":["https:\/\/nodosbyg.com\/wp-content\/uploads\/2026\/03\/nodos-by-g-3d-modelling-1200x1600.jpg",1200,1600,true],"woocommerce_gallery_thumbnail":["https:\/\/nodosbyg.com\/wp-content\/uploads\/2026\/03\/nodos-by-g-3d-modelling-100x100.jpg",100,100,true]},"uagb_author_info":{"display_name":"Gelareh H. Karimi","author_link":"https:\/\/nodosbyg.com\/es\/author\/"},"uagb_comment_info":0,"uagb_excerpt":"Aprender\u00e1s los fundamentos del modelado 3D Dise\u00f1ar\u00e1s un objeto funcional o creativo Preparar\u00e1s archivos para la impresi\u00f3n 3D Comprender\u00e1s los materiales y las t\u00e9cnicas de acabado Ver\u00e1s tu pieza producida en una impresora 3D","_links":{"self":[{"href":"https:\/\/nodosbyg.com\/es\/wp-json\/wp\/v2\/product\/6730","targetHints":{"allow":["GET"]}}],"collection":[{"href":"https:\/\/nodosbyg.com\/es\/wp-json\/wp\/v2\/product"}],"about":[{"href":"https:\/\/nodosbyg.com\/es\/wp-json\/wp\/v2\/types\/product"}],"wp:featuredmedia":[{"embeddable":true,"href":"https:\/\/nodosbyg.com\/es\/wp-json\/wp\/v2\/media\/6692"}],"wp:attachment":[{"href":"https:\/\/nodosbyg.com\/es\/wp-json\/wp\/v2\/media?parent=6730"}],"wp:term":[{"taxonomy":"product_brand","embeddable":true,"href":"https:\/\/nodosbyg.com\/es\/wp-json\/wp\/v2\/product_brand?post=6730"},{"taxonomy":"product_cat","embeddable":true,"href":"https:\/\/nodosbyg.com\/es\/wp-json\/wp\/v2\/product_cat?post=6730"},{"taxonomy":"product_tag","embeddable":true,"href":"https:\/\/nodosbyg.com\/es\/wp-json\/wp\/v2\/product_tag?post=6730"}],"curies":[{"name":"wp","href":"https:\/\/api.w.org\/{rel}","templated":true}]}}