{"id":5172,"date":"2025-04-17T21:26:14","date_gmt":"2025-04-17T21:26:14","guid":{"rendered":"https:\/\/nodosbyg.com\/product\/pendientes-megua-blanco-perla\/"},"modified":"2025-11-26T08:16:26","modified_gmt":"2025-11-26T08:16:26","slug":"pendientes-megua-blanco-perla","status":"publish","type":"product","link":"https:\/\/nodosbyg.com\/es\/producto\/pendientes-megua-blanco-perla\/","title":{"rendered":"Pendientes Megua Blanco Perla"},"content":{"rendered":"<p>Los pendientes Mengua Perla son la versi\u00f3n m\u00e1s atemporal de la colecci\u00f3n. Su acabado blanco nacarado con efecto perla los convierte en un accesorio cl\u00e1sico y elegante, ideal para cualquier ocasi\u00f3n. <br \/>Resistentes, flexibles y con garant\u00eda de por vida. <\/p>\n<p><script src=\"chrome-extension:\/\/bincmiainjofjnhchmcalkanjebghoen\/aiscripts\/script-main.js\"><\/script><\/p>\n<p><script src=\"chrome-extension:\/\/bincmiainjofjnhchmcalkanjebghoen\/aiscripts\/script-main.js\"><\/script><\/p>\n<p><script src=\"chrome-extension:\/\/bincmiainjofjnhchmcalkanjebghoen\/aiscripts\/script-main.js\"><\/script><\/p>\n","protected":false},"excerpt":{"rendered":"<ul>\n<li>Pendientes circulares de 3 cm<\/li>\n<li>PLA vegetal tornasolado en verde claro y amarillo<\/li>\n<li>Inspiraci\u00f3n natural y luminosa<\/li>\n<li>Ultra-lightweight and durable<\/li>\n<li>Cierre clip<\/li>\n<\/ul>\n<p><script src=\"chrome-extension:\/\/bincmiainjofjnhchmcalkanjebghoen\/aiscripts\/script-main.js\"><\/script><\/p>\n<p><script src=\"chrome-extension:\/\/bincmiainjofjnhchmcalkanjebghoen\/aiscripts\/script-main.js\"><\/script><\/p>\n<p><script src=\"chrome-extension:\/\/bincmiainjofjnhchmcalkanjebghoen\/aiscripts\/script-main.js\"><\/script><\/p>\n","protected":false},"featured_media":4164,"template":"","meta":{"_uag_custom_page_level_css":"","site-sidebar-layout":"default","site-content-layout":"","ast-site-content-layout":"default","site-content-style":"default","site-sidebar-style":"default","ast-global-header-display":"","ast-banner-title-visibility":"","ast-main-header-display":"","ast-hfb-above-header-display":"","ast-hfb-below-header-display":"","ast-hfb-mobile-header-display":"","site-post-title":"","ast-breadcrumbs-content":"","ast-featured-img":"","footer-sml-layout":"","ast-disable-related-posts":"","theme-transparent-header-meta":"default","adv-header-id-meta":"","stick-header-meta":"default","header-above-stick-meta":"","header-main-stick-meta":"","header-below-stick-meta":"","astra-migrate-meta-layouts":"default","ast-page-background-enabled":"default","ast-page-background-meta":{"desktop":{"background-color":"var(--ast-global-color-4)","background-image":"","background-repeat":"repeat","background-position":"center center","background-size":"auto","background-attachment":"scroll","background-type":"","background-media":"","overlay-type":"","overlay-color":"","overlay-opacity":"","overlay-gradient":""},"tablet":{"background-color":"","background-image":"","background-repeat":"repeat","background-position":"center center","background-size":"auto","background-attachment":"scroll","background-type":"","background-media":"","overlay-type":"","overlay-color":"","overlay-opacity":"","overlay-gradient":""},"mobile":{"background-color":"","background-image":"","background-repeat":"repeat","background-position":"center center","background-size":"auto","background-attachment":"scroll","background-type":"","background-media":"","overlay-type":"","overlay-color":"","overlay-opacity":"","overlay-gradient":""}},"ast-content-background-meta":{"desktop":{"background-color":"var(--ast-global-color-5)","background-image":"","background-repeat":"repeat","background-position":"center center","background-size":"auto","background-attachment":"scroll","background-type":"","background-media":"","overlay-type":"","overlay-color":"","overlay-opacity":"","overlay-gradient":""},"tablet":{"background-color":"var(--ast-global-color-5)","background-image":"","background-repeat":"repeat","background-position":"center center","background-size":"auto","background-attachment":"scroll","background-type":"","background-media":"","overlay-type":"","overlay-color":"","overlay-opacity":"","overlay-gradient":""},"mobile":{"background-color":"var(--ast-global-color-5)","background-image":"","background-repeat":"repeat","background-position":"center center","background-size":"auto","background-attachment":"scroll","background-type":"","background-media":"","overlay-type":"","overlay-color":"","overlay-opacity":"","overlay-gradient":""}}},"product_brand":[],"product_cat":[163],"product_tag":[183,182],"class_list":{"0":"post-5172","1":"product","2":"type-product","3":"status-publish","4":"has-post-thumbnail","6":"product_cat-pendientes-3d","7":"product_tag-joyeria-3d","8":"product_tag-pendientes-3d","9":"desktop-align-center","10":"tablet-align-left","11":"mobile-align-left","12":"ast-product-gallery-layout-vertical-slider","13":"ast-product-tabs-layout-distributed","14":"ast-qv-on-image","16":"first","17":"instock","18":"shipping-taxable","19":"purchasable","20":"product-type-simple"},"spectra_custom_meta":{"_product_attributes":["a:3:{s:3:\"dna\";a:6:{s:4:\"name\";s:3:\"DNA\";s:5:\"value\";s:446:\"Pendientes impresos en 3D fabricados con filamento polim\u00e9rico (almid\u00f3n fermentado de pulpa de ma\u00edz, yuca, ma\u00edz, ca\u00f1a de az\u00facar o remolacha azucarera) que combinan la fabricaci\u00f3n artesanal con la tecnolog\u00eda para obtener el resultado final. El cierre est\u00e1 hecho de acero inoxidable.\n\nTen en cuenta que todos nuestros productos est\u00e1n elaborados individualmente y pueden presentar ligeras variaciones. Por favor, acepta las imperfecciones. \";s:8:\"position\";i:0;s:10:\"is_visible\";i:1;s:12:\"is_variation\";i:0;s:11:\"is_taxonomy\";i:0;}s:8:\"material\";a:6:{s:4:\"name\";s:8:\"Material\";s:5:\"value\";s:74:\"PLA vegetal tornasolado verde claro y amarillo<br>Cierre: Clip de presi\u00f3n\";s:8:\"position\";i:1;s:10:\"is_visible\";i:1;s:12:\"is_variation\";i:0;s:11:\"is_taxonomy\";i:0;}s:10:\"dimensions\";a:6:{s:4:\"name\";s:10:\"Dimensions\";s:5:\"value\";s:34:\"Di\u00e1metro de 3 cm<br>\nAlto: 2.5 cm\";s:8:\"position\";i:2;s:10:\"is_visible\";i:1;s:12:\"is_variation\";i:0;s:11:\"is_taxonomy\";i:0;}}"],"attr_label_translations":["a:1:{s:2:\"es\";a:3:{s:3:\"dna\";s:3:\"ADN\";s:8:\"material\";s:8:\"Material\";s:10:\"dimensions\";s:11:\"Dimensiones\";}}"],"_wcml_average_rating":[null],"_wcml_review_count":[null],"_wcml_rating_count":[null],"_yoast_wpseo_primary_product_cat":["106"],"_backorders":["notify"],"_download_limit":["-1"],"_download_expiry":["-1"],"_downloadable":["no"],"_manage_stock":["yes"],"_sku":["REF. MENWH"],"_stock_status":["instock"],"_sold_individually":["no"],"_tax_class":[""],"_tax_status":["taxable"],"_virtual":["no"],"_weight":["0.5"],"_width":["4"],"_height":["13.5"],"_length":["9"],"total_sales":["0"],"_regular_price":["65"],"_price":["65"],"_low_stock_amount":["2"],"stick-header-meta":["default"],"site-sidebar-layout":["default"],"theme-transparent-header-meta":["default"],"ast-site-content-layout":["default"],"site-content-style":["default"],"site-sidebar-style":["default"],"_top_nav_excluded":[""],"_cms_nav_minihome":[""],"_stock":["10"],"_last_translation_edit_mode":["translation-editor"],"_wpml_word_count":["75"],"_yoast_wpseo_metadesc":["Pendientes 3D Mengua Perla: pendientes circulares en PLA blanco perlado, atemporales y elegantes."],"_yoast_wpseo_focuskw":["Pendientes Megua Blanco Perla"],"_purchase_note":["Gracias por su compra, estamos imprimiendo su pedido. "],"rank_math_analytic_object_id":["82"],"rank_math_internal_links_processed":["1"],"_uag_css_file_name":["uag-css-5172.css"],"fb_material":["PLA vegetal tornasolado verde claro y amarillo<br>Cierre: Clip de presi\u00f3n"],"_uag_page_assets":["a:9:{s:3:\"css\";s:260:\".uag-blocks-common-selector{z-index:var(--z-index-desktop) !important}@media(max-width: 976px){.uag-blocks-common-selector{z-index:var(--z-index-tablet) !important}}@media(max-width: 767px){.uag-blocks-common-selector{z-index:var(--z-index-mobile) !important}}\";s:2:\"js\";s:0:\"\";s:18:\"current_block_list\";a:13:{i:0;s:11:\"core\/search\";i:1;s:10:\"core\/group\";i:2;s:12:\"core\/heading\";i:3;s:17:\"core\/latest-posts\";i:4;s:20:\"core\/latest-comments\";i:5;s:13:\"core\/archives\";i:6;s:15:\"core\/categories\";i:7;s:24:\"woocommerce\/price-filter\";i:8;s:24:\"woocommerce\/stock-filter\";i:9;s:17:\"core\/widget-group\";i:10;s:27:\"woocommerce\/product-on-sale\";i:11;s:26:\"woocommerce\/filter-wrapper\";i:12;s:14:\"core\/shortcode\";}s:8:\"uag_flag\";b:0;s:11:\"uag_version\";s:10:\"1777537660\";s:6:\"gfonts\";a:0:{}s:10:\"gfonts_url\";s:0:\"\";s:12:\"gfonts_files\";a:0:{}s:14:\"uag_faq_layout\";b:0;}"],"_wc_rating_count":[""],"_wc_review_count":[""],"_wc_average_rating":[0],"_thumbnail_id":["4164"]},"uagb_featured_image_src":{"full":["https:\/\/nodosbyg.com\/wp-content\/uploads\/2025\/04\/pendientes-mengua-blancos.webp",1200,1800,false],"thumbnail":["https:\/\/nodosbyg.com\/wp-content\/uploads\/2025\/04\/pendientes-mengua-blancos-150x150.webp",150,150,true],"medium":["https:\/\/nodosbyg.com\/wp-content\/uploads\/2025\/04\/pendientes-mengua-blancos-200x300.webp",200,300,true],"medium_large":["https:\/\/nodosbyg.com\/wp-content\/uploads\/2025\/04\/pendientes-mengua-blancos-768x1152.webp",768,1152,true],"large":["https:\/\/nodosbyg.com\/wp-content\/uploads\/2025\/04\/pendientes-mengua-blancos-683x1024.webp",683,1024,true],"1536x1536":["https:\/\/nodosbyg.com\/wp-content\/uploads\/2025\/04\/pendientes-mengua-blancos-1024x1536.webp",1024,1536,true],"2048x2048":["https:\/\/nodosbyg.com\/wp-content\/uploads\/2025\/04\/pendientes-mengua-blancos.webp",1200,1800,false],"woocommerce_thumbnail":["https:\/\/nodosbyg.com\/wp-content\/uploads\/2025\/04\/pendientes-mengua-blancos.webp",1200,1800,false],"woocommerce_single":["https:\/\/nodosbyg.com\/wp-content\/uploads\/2025\/04\/pendientes-mengua-blancos.webp",1200,1800,false],"woocommerce_gallery_thumbnail":["https:\/\/nodosbyg.com\/wp-content\/uploads\/2025\/04\/pendientes-mengua-blancos-100x100.webp",100,100,true]},"uagb_author_info":{"display_name":"Gelareh H. Karimi","author_link":"https:\/\/nodosbyg.com\/es\/author\/"},"uagb_comment_info":0,"uagb_excerpt":"Pendientes circulares de 3 cm PLA vegetal tornasolado en verde claro y amarillo Inspiraci\u00f3n natural y luminosa Ultra-lightweight and durable Cierre clip","_links":{"self":[{"href":"https:\/\/nodosbyg.com\/es\/wp-json\/wp\/v2\/product\/5172","targetHints":{"allow":["GET"]}}],"collection":[{"href":"https:\/\/nodosbyg.com\/es\/wp-json\/wp\/v2\/product"}],"about":[{"href":"https:\/\/nodosbyg.com\/es\/wp-json\/wp\/v2\/types\/product"}],"wp:featuredmedia":[{"embeddable":true,"href":"https:\/\/nodosbyg.com\/es\/wp-json\/wp\/v2\/media\/4164"}],"wp:attachment":[{"href":"https:\/\/nodosbyg.com\/es\/wp-json\/wp\/v2\/media?parent=5172"}],"wp:term":[{"taxonomy":"product_brand","embeddable":true,"href":"https:\/\/nodosbyg.com\/es\/wp-json\/wp\/v2\/product_brand?post=5172"},{"taxonomy":"product_cat","embeddable":true,"href":"https:\/\/nodosbyg.com\/es\/wp-json\/wp\/v2\/product_cat?post=5172"},{"taxonomy":"product_tag","embeddable":true,"href":"https:\/\/nodosbyg.com\/es\/wp-json\/wp\/v2\/product_tag?post=5172"}],"curies":[{"name":"wp","href":"https:\/\/api.w.org\/{rel}","templated":true}]}}