{"id":4889,"date":"2025-06-23T23:19:40","date_gmt":"2025-06-23T23:19:40","guid":{"rendered":"https:\/\/nodosbyg.com\/product\/bolso-3d-moon-classic-rose\/"},"modified":"2026-02-19T15:53:42","modified_gmt":"2026-02-19T15:53:42","slug":"bolso-3d-moon-classic-rose","status":"publish","type":"product","link":"https:\/\/nodosbyg.com\/es\/producto\/bolso-3d-moon-classic-rose\/","title":{"rendered":"Bolso 3D Moon Classic Rose"},"content":{"rendered":"<p>El Moon Classic Rose es la reinterpretaci\u00f3n delicada y femenina del modelo original de NODOS. Su carcasa de media luna, realizada en biopol\u00edmero reciclado, est\u00e1 completamente cubierta con zigzag aplicado a mano, generando un acabado elegante y contempor\u00e1neo. Con bolso interior textil y cadena impresa en 3D, es un accesorio ligero y resistente que une romanticismo y vanguardia.<\/p>\n<p>Hecho en Espa\u00f1a<\/p>\n<p>Resistente, flexible, no pierde color y con garant\u00eda de por vida.<\/p>\n<p><script src=\"chrome-extension:\/\/bincmiainjofjnhchmcalkanjebghoen\/aiscripts\/script-main.js\"><\/script><\/p>\n<p><script src=\"chrome-extension:\/\/bincmiainjofjnhchmcalkanjebghoen\/aiscripts\/script-main.js\"><\/script><\/p>\n<div id=\"ag-1750666784216\"><\/div>\n<p><script src=\"chrome-extension:\/\/bincmiainjofjnhchmcalkanjebghoen\/aiscripts\/script-main.js\"><\/script><\/p>\n<p><script src=\"chrome-extension:\/\/bincmiainjofjnhchmcalkanjebghoen\/aiscripts\/script-main.js\"><\/script><\/p>\n","protected":false},"excerpt":{"rendered":"<ul>\n<li>Carcasa rosa pastel impresa en 3D<\/li>\n<li>Superficie cubierta de zigzag artesanal hecho a mano<\/li>\n<li>Dise\u00f1o geom\u00e9trico en media luna<\/li>\n<li>Suave al tacto, flexible y ligero<\/li>\n<li>Correa de cadena impresa en 3D<\/li>\n<\/ul>\n<p><script src=\"chrome-extension:\/\/bincmiainjofjnhchmcalkanjebghoen\/aiscripts\/script-main.js\"><\/script><\/p>\n<p><script src=\"chrome-extension:\/\/bincmiainjofjnhchmcalkanjebghoen\/aiscripts\/script-main.js\"><\/script><\/p>\n<p><script src=\"chrome-extension:\/\/bincmiainjofjnhchmcalkanjebghoen\/aiscripts\/script-main.js\"><\/script><\/p>\n<p><script src=\"chrome-extension:\/\/bincmiainjofjnhchmcalkanjebghoen\/aiscripts\/script-main.js\"><\/script><\/p>\n","protected":false},"featured_media":4892,"template":"","meta":{"_uag_custom_page_level_css":"","site-sidebar-layout":"default","site-content-layout":"","ast-site-content-layout":"default","site-content-style":"default","site-sidebar-style":"default","ast-global-header-display":"","ast-banner-title-visibility":"","ast-main-header-display":"","ast-hfb-above-header-display":"","ast-hfb-below-header-display":"","ast-hfb-mobile-header-display":"","site-post-title":"","ast-breadcrumbs-content":"","ast-featured-img":"","footer-sml-layout":"","ast-disable-related-posts":"","theme-transparent-header-meta":"default","adv-header-id-meta":"","stick-header-meta":"default","header-above-stick-meta":"","header-main-stick-meta":"","header-below-stick-meta":"","astra-migrate-meta-layouts":"set","ast-page-background-enabled":"default","ast-page-background-meta":{"desktop":{"background-color":"var(--ast-global-color-4)","background-image":"","background-repeat":"repeat","background-position":"center center","background-size":"auto","background-attachment":"scroll","background-type":"","background-media":"","overlay-type":"","overlay-color":"","overlay-opacity":"","overlay-gradient":""},"tablet":{"background-color":"","background-image":"","background-repeat":"repeat","background-position":"center center","background-size":"auto","background-attachment":"scroll","background-type":"","background-media":"","overlay-type":"","overlay-color":"","overlay-opacity":"","overlay-gradient":""},"mobile":{"background-color":"","background-image":"","background-repeat":"repeat","background-position":"center center","background-size":"auto","background-attachment":"scroll","background-type":"","background-media":"","overlay-type":"","overlay-color":"","overlay-opacity":"","overlay-gradient":""}},"ast-content-background-meta":{"desktop":{"background-color":"var(--ast-global-color-5)","background-image":"","background-repeat":"repeat","background-position":"center center","background-size":"auto","background-attachment":"scroll","background-type":"","background-media":"","overlay-type":"","overlay-color":"","overlay-opacity":"","overlay-gradient":""},"tablet":{"background-color":"var(--ast-global-color-5)","background-image":"","background-repeat":"repeat","background-position":"center center","background-size":"auto","background-attachment":"scroll","background-type":"","background-media":"","overlay-type":"","overlay-color":"","overlay-opacity":"","overlay-gradient":""},"mobile":{"background-color":"var(--ast-global-color-5)","background-image":"","background-repeat":"repeat","background-position":"center center","background-size":"auto","background-attachment":"scroll","background-type":"","background-media":"","overlay-type":"","overlay-color":"","overlay-opacity":"","overlay-gradient":""}}},"product_brand":[],"product_cat":[165,164],"product_tag":[169,171],"class_list":{"0":"post-4889","1":"product","2":"type-product","3":"status-publish","4":"has-post-thumbnail","6":"product_cat-bolso-moon","7":"product_cat-bolsos-3d","8":"product_tag-accesorio-artesanal","9":"product_tag-bolso-3d","10":"desktop-align-center","11":"tablet-align-left","12":"mobile-align-left","13":"ast-product-gallery-layout-vertical-slider","14":"ast-product-tabs-layout-distributed","15":"ast-qv-on-image","17":"first","18":"instock","19":"shipping-taxable","20":"purchasable","21":"product-type-simple"},"spectra_custom_meta":{"_product_attributes":["a:3:{s:8:\"material\";a:6:{s:4:\"name\";s:8:\"Material\";s:5:\"value\";s:39:\"Biopol\u00edmero reciclado + bolso interior\";s:8:\"position\";i:0;s:10:\"is_visible\";i:1;s:12:\"is_variation\";i:0;s:11:\"is_taxonomy\";i:0;}s:10:\"dimensions\";a:6:{s:4:\"name\";s:10:\"Dimensions\";s:5:\"value\";s:116:\"Casco 3D: 28 cm x 20 cm x 6 cm (3,5 L)<br>Bolso interior: 28 cm x 14 cm x 6 cm (2,5 L)<br>Correa: Cadena 3D de 65 cm\";s:8:\"position\";i:1;s:10:\"is_visible\";i:1;s:12:\"is_variation\";i:0;s:11:\"is_taxonomy\";i:0;}s:3:\"dna\";a:6:{s:4:\"name\";s:3:\"DNA\";s:5:\"value\";s:11:\"Ultraligero\";s:8:\"position\";i:2;s:10:\"is_visible\";i:1;s:12:\"is_variation\";i:0;s:11:\"is_taxonomy\";i:0;}}"],"attr_label_translations":["a:1:{s:2:\"es\";a:3:{s:8:\"material\";s:8:\"Material\";s:10:\"dimensions\";s:11:\"Dimensiones\";s:3:\"dna\";s:3:\"ADN\";}}"],"_yoast_wpseo_primary_product_cat":["90"],"_backorders":["notify"],"_download_limit":["-1"],"_download_expiry":["-1"],"_downloadable":["no"],"_manage_stock":["yes"],"_sku":["BAG-MN-ROS-CLS"],"_stock_status":["instock"],"_sold_individually":["no"],"_tax_class":[""],"_tax_status":["taxable"],"_virtual":["no"],"_weight":["0.5"],"_width":["20"],"_height":["6"],"_length":["28"],"total_sales":["0"],"_regular_price":["350"],"_price":["350"],"_low_stock_amount":["2"],"stick-header-meta":["default"],"site-sidebar-layout":["default"],"theme-transparent-header-meta":["default"],"ast-site-content-layout":["default"],"site-content-style":["default"],"site-sidebar-style":["default"],"_top_nav_excluded":[""],"_cms_nav_minihome":[""],"_yoast_wpseo_metadesc":["Luxury 3D-printed bag Rose in soft pastel pink, hand-finished with full zigzag detailing. Lightweight, sustainable and made in Spain \u2014 where technology meets artistry."],"_yoast_wpseo_focuskw":["Bolso 3D Moon Classic Rose"],"_purchase_note":["Gracia por su compra, estamos imprimiendo su pedido. "],"_stock":["10"],"_last_translation_edit_mode":["native-editor"],"_wpml_word_count":["114"],"rank_math_analytic_object_id":["13"],"rank_math_internal_links_processed":["1"],"_edit_lock":["1771516387:7"],"rank_math_seo_score":["10"],"rank_math_description":["Bolso 3D Moon Classic Rose: media luna escultural en tono rosa, impresa en 3D en Madrid. Combina ligereza, elegancia y dise\u00f1o de autor."],"rank_math_title":["Bolso Rose Moon Classic  | Nodos by G"],"_edit_last":["7"],"_wcml_average_rating":[null],"_wcml_review_count":[null],"_wcml_rating_count":[null],"_wc_average_rating":[0],"_wc_review_count":["0"],"_product_version":["10.5.1"],"_eos_deactive_plugins_key":[",freesoul-deactivate-plugins\/freesoul-deactivate-plugins.php"],"astra-migrate-meta-layouts":["set"],"_wpml_media_duplicate":["1"],"_wpml_media_featured":["1"],"_thumbnail_id":["4892"],"_uag_css_file_name":["uag-css-4889.css"],"fb_material":["Biopol\u00edmero reciclado + bolso interior"],"_uag_page_assets":["a:9:{s:3:\"css\";s:0:\"\";s:2:\"js\";s:0:\"\";s:18:\"current_block_list\";a:13:{i:0;s:11:\"core\/search\";i:1;s:10:\"core\/group\";i:2;s:12:\"core\/heading\";i:3;s:17:\"core\/latest-posts\";i:4;s:20:\"core\/latest-comments\";i:5;s:13:\"core\/archives\";i:6;s:15:\"core\/categories\";i:7;s:24:\"woocommerce\/price-filter\";i:8;s:24:\"woocommerce\/stock-filter\";i:9;s:17:\"core\/widget-group\";i:10;s:27:\"woocommerce\/product-on-sale\";i:11;s:26:\"woocommerce\/filter-wrapper\";i:12;s:14:\"core\/shortcode\";}s:8:\"uag_flag\";b:0;s:11:\"uag_version\";i:1777444637;s:6:\"gfonts\";a:0:{}s:10:\"gfonts_url\";s:0:\"\";s:12:\"gfonts_files\";a:0:{}s:14:\"uag_faq_layout\";b:0;}"],"_wc_rating_count":[""]},"uagb_featured_image_src":{"full":["https:\/\/nodosbyg.com\/wp-content\/uploads\/2025\/06\/Bolso-Moon-Lira-Rose-frente.webp",667,1000,false],"thumbnail":["https:\/\/nodosbyg.com\/wp-content\/uploads\/2025\/06\/Bolso-Moon-Lira-Rose-frente-150x150.webp",150,150,true],"medium":["https:\/\/nodosbyg.com\/wp-content\/uploads\/2025\/06\/Bolso-Moon-Lira-Rose-frente-200x300.webp",200,300,true],"medium_large":["https:\/\/nodosbyg.com\/wp-content\/uploads\/2025\/06\/Bolso-Moon-Lira-Rose-frente.webp",667,1000,false],"large":["https:\/\/nodosbyg.com\/wp-content\/uploads\/2025\/06\/Bolso-Moon-Lira-Rose-frente.webp",667,1000,false],"1536x1536":["https:\/\/nodosbyg.com\/wp-content\/uploads\/2025\/06\/Bolso-Moon-Lira-Rose-frente.webp",667,1000,false],"2048x2048":["https:\/\/nodosbyg.com\/wp-content\/uploads\/2025\/06\/Bolso-Moon-Lira-Rose-frente.webp",667,1000,false],"woocommerce_thumbnail":["https:\/\/nodosbyg.com\/wp-content\/uploads\/2025\/06\/Bolso-Moon-Lira-Rose-frente.webp",667,1000,false],"woocommerce_single":["https:\/\/nodosbyg.com\/wp-content\/uploads\/2025\/06\/Bolso-Moon-Lira-Rose-frente.webp",667,1000,false],"woocommerce_gallery_thumbnail":["https:\/\/nodosbyg.com\/wp-content\/uploads\/2025\/06\/Bolso-Moon-Lira-Rose-frente-100x100.webp",100,100,true]},"uagb_author_info":{"display_name":"Gelareh H. Karimi","author_link":"https:\/\/nodosbyg.com\/es\/author\/"},"uagb_comment_info":0,"uagb_excerpt":"Carcasa rosa pastel impresa en 3D Superficie cubierta de zigzag artesanal hecho a mano Dise\u00f1o geom\u00e9trico en media luna Suave al tacto, flexible y ligero Correa de cadena impresa en 3D","_links":{"self":[{"href":"https:\/\/nodosbyg.com\/es\/wp-json\/wp\/v2\/product\/4889","targetHints":{"allow":["GET"]}}],"collection":[{"href":"https:\/\/nodosbyg.com\/es\/wp-json\/wp\/v2\/product"}],"about":[{"href":"https:\/\/nodosbyg.com\/es\/wp-json\/wp\/v2\/types\/product"}],"wp:featuredmedia":[{"embeddable":true,"href":"https:\/\/nodosbyg.com\/es\/wp-json\/wp\/v2\/media\/4892"}],"wp:attachment":[{"href":"https:\/\/nodosbyg.com\/es\/wp-json\/wp\/v2\/media?parent=4889"}],"wp:term":[{"taxonomy":"product_brand","embeddable":true,"href":"https:\/\/nodosbyg.com\/es\/wp-json\/wp\/v2\/product_brand?post=4889"},{"taxonomy":"product_cat","embeddable":true,"href":"https:\/\/nodosbyg.com\/es\/wp-json\/wp\/v2\/product_cat?post=4889"},{"taxonomy":"product_tag","embeddable":true,"href":"https:\/\/nodosbyg.com\/es\/wp-json\/wp\/v2\/product_tag?post=4889"}],"curies":[{"name":"wp","href":"https:\/\/api.w.org\/{rel}","templated":true}]}}