{"id":4880,"date":"2025-06-23T22:46:06","date_gmt":"2025-06-23T22:46:06","guid":{"rendered":"https:\/\/nodosbyg.com\/product\/bolso-3d-moon-aqua-verde-claro\/"},"modified":"2026-02-19T15:41:42","modified_gmt":"2026-02-19T15:41:42","slug":"bolso-3d-moon-aqua-verde-claro","status":"publish","type":"product","link":"https:\/\/nodosbyg.com\/es\/producto\/bolso-3d-moon-aqua-verde-claro\/","title":{"rendered":"Bolso 3D Moon Aqua verde claro"},"content":{"rendered":"<p>El Moon Aqua aporta frescura y vitalidad a la l\u00ednea Moon. Su tono verde agua evoca la energ\u00eda del verano, mientras que la carcasa geom\u00e9trica impresa en 3D refleja un car\u00e1cter futurista. Con una cadena 3D totalmente personalizable mediante sublimaci\u00f3n de foto o estampado, se convierte en un accesorio realmente \u00fanico.<\/p>\n<p>Ligero, resistente, no pierde color al sol y cuenta con garant\u00eda de por vida.<\/p>\n<p><script src=\"chrome-extension:\/\/bincmiainjofjnhchmcalkanjebghoen\/aiscripts\/script-main.js\"><\/script><\/p>\n<p><script src=\"chrome-extension:\/\/bincmiainjofjnhchmcalkanjebghoen\/aiscripts\/script-main.js\"><\/script><\/p>\n<p><script src=\"chrome-extension:\/\/bincmiainjofjnhchmcalkanjebghoen\/aiscripts\/script-main.js\"><\/script><\/p>\n<p><script src=\"chrome-extension:\/\/bincmiainjofjnhchmcalkanjebghoen\/aiscripts\/script-main.js\"><\/script><\/p>\n<p><script src=\"chrome-extension:\/\/bincmiainjofjnhchmcalkanjebghoen\/aiscripts\/script-main.js\"><\/script><\/p>\n<p><script src=\"chrome-extension:\/\/bincmiainjofjnhchmcalkanjebghoen\/aiscripts\/script-main.js\"><\/script><\/p>\n","protected":false},"excerpt":{"rendered":"<ul>\n<li>Silueta de media luna en vibrante verde agua<\/li>\n<li>Impreso en 3D con biopol\u00edmero reciclado<\/li>\n<li>Semi acabado en zigzag a mano<\/li>\n<li>Dos bolsos en uno: carcasa escult\u00f3rica + pouch interior<\/li>\n<li>Cadena 3D personalizada con sublimaci\u00f3n de foto o estampado<\/li>\n<li>Ultraligero y flexible<\/li>\n<\/ul>\n<p><script src=\"chrome-extension:\/\/bincmiainjofjnhchmcalkanjebghoen\/aiscripts\/script-main.js\"><\/script><\/p>\n<p><script src=\"chrome-extension:\/\/bincmiainjofjnhchmcalkanjebghoen\/aiscripts\/script-main.js\"><\/script><\/p>\n<p><script src=\"chrome-extension:\/\/bincmiainjofjnhchmcalkanjebghoen\/aiscripts\/script-main.js\"><\/script><\/p>\n<p><script src=\"chrome-extension:\/\/bincmiainjofjnhchmcalkanjebghoen\/aiscripts\/script-main.js\"><\/script><\/p>\n<p><script src=\"chrome-extension:\/\/bincmiainjofjnhchmcalkanjebghoen\/aiscripts\/script-main.js\"><\/script><\/p>\n<p><script src=\"chrome-extension:\/\/bincmiainjofjnhchmcalkanjebghoen\/aiscripts\/script-main.js\"><\/script><\/p>\n","protected":false},"featured_media":4887,"template":"","meta":{"_uag_custom_page_level_css":"","site-sidebar-layout":"default","site-content-layout":"","ast-site-content-layout":"default","site-content-style":"default","site-sidebar-style":"default","ast-global-header-display":"","ast-banner-title-visibility":"","ast-main-header-display":"","ast-hfb-above-header-display":"","ast-hfb-below-header-display":"","ast-hfb-mobile-header-display":"","site-post-title":"","ast-breadcrumbs-content":"","ast-featured-img":"","footer-sml-layout":"","ast-disable-related-posts":"","theme-transparent-header-meta":"default","adv-header-id-meta":"","stick-header-meta":"default","header-above-stick-meta":"","header-main-stick-meta":"","header-below-stick-meta":"","astra-migrate-meta-layouts":"set","ast-page-background-enabled":"default","ast-page-background-meta":{"desktop":{"background-color":"var(--ast-global-color-4)","background-image":"","background-repeat":"repeat","background-position":"center center","background-size":"auto","background-attachment":"scroll","background-type":"","background-media":"","overlay-type":"","overlay-color":"","overlay-opacity":"","overlay-gradient":""},"tablet":{"background-color":"","background-image":"","background-repeat":"repeat","background-position":"center center","background-size":"auto","background-attachment":"scroll","background-type":"","background-media":"","overlay-type":"","overlay-color":"","overlay-opacity":"","overlay-gradient":""},"mobile":{"background-color":"","background-image":"","background-repeat":"repeat","background-position":"center center","background-size":"auto","background-attachment":"scroll","background-type":"","background-media":"","overlay-type":"","overlay-color":"","overlay-opacity":"","overlay-gradient":""}},"ast-content-background-meta":{"desktop":{"background-color":"var(--ast-global-color-5)","background-image":"","background-repeat":"repeat","background-position":"center center","background-size":"auto","background-attachment":"scroll","background-type":"","background-media":"","overlay-type":"","overlay-color":"","overlay-opacity":"","overlay-gradient":""},"tablet":{"background-color":"var(--ast-global-color-5)","background-image":"","background-repeat":"repeat","background-position":"center center","background-size":"auto","background-attachment":"scroll","background-type":"","background-media":"","overlay-type":"","overlay-color":"","overlay-opacity":"","overlay-gradient":""},"mobile":{"background-color":"var(--ast-global-color-5)","background-image":"","background-repeat":"repeat","background-position":"center center","background-size":"auto","background-attachment":"scroll","background-type":"","background-media":"","overlay-type":"","overlay-color":"","overlay-opacity":"","overlay-gradient":""}}},"product_brand":[],"product_cat":[165,164],"product_tag":[169,171],"class_list":{"0":"post-4880","1":"product","2":"type-product","3":"status-publish","4":"has-post-thumbnail","6":"product_cat-bolso-moon","7":"product_cat-bolsos-3d","8":"product_tag-accesorio-artesanal","9":"product_tag-bolso-3d","10":"desktop-align-center","11":"tablet-align-left","12":"mobile-align-left","13":"ast-product-gallery-layout-vertical-slider","14":"ast-product-tabs-layout-distributed","15":"ast-qv-on-image","17":"first","18":"instock","19":"featured","20":"shipping-taxable","21":"purchasable","22":"product-type-simple"},"spectra_custom_meta":{"_product_attributes":["a:3:{s:8:\"material\";a:6:{s:4:\"name\";s:8:\"Material\";s:5:\"value\";s:38:\"Biopol\u00edmero reciclado + bolso de tela\";s:8:\"position\";i:0;s:10:\"is_visible\";i:1;s:12:\"is_variation\";i:0;s:11:\"is_taxonomy\";i:0;}s:10:\"dimensions\";a:6:{s:4:\"name\";s:10:\"Dimensions\";s:5:\"value\";s:124:\"Carcasa 28 \u00d7 20 \u00d7 6 cm <br>Bolso Interior 28 \u00d7 14 \u00d7 6 cm<br>Correa: Cadena 3D de 65 cm con sublimaci\u00f3n (personalizable)\";s:8:\"position\";i:1;s:10:\"is_visible\";i:1;s:12:\"is_variation\";i:0;s:11:\"is_taxonomy\";i:0;}s:3:\"dna\";a:6:{s:4:\"name\";s:3:\"DNA\";s:5:\"value\";s:16:\"Hecho en Espa\u00f1a\";s:8:\"position\";i:2;s:10:\"is_visible\";i:1;s:12:\"is_variation\";i:0;s:11:\"is_taxonomy\";i:0;}}"],"attr_label_translations":["a:1:{s:2:\"es\";a:3:{s:8:\"material\";s:8:\"Material\";s:10:\"dimensions\";s:11:\"Dimensiones\";s:3:\"dna\";s:3:\"ADN\";}}"],"_yoast_wpseo_primary_product_cat":["90"],"_backorders":["notify"],"_download_limit":["-1"],"_download_expiry":["-1"],"_downloadable":["no"],"_manage_stock":["yes"],"_sku":["BAG-MN-AQU"],"_stock_status":["instock"],"_sold_individually":["no"],"_tax_class":[""],"_tax_status":["taxable"],"_virtual":["no"],"_weight":["0.250"],"_width":["20"],"_height":["6"],"_length":["28"],"total_sales":["4"],"_regular_price":["250"],"_price":["250"],"_low_stock_amount":["2"],"stick-header-meta":["default"],"site-sidebar-layout":["default"],"theme-transparent-header-meta":["default"],"ast-site-content-layout":["default"],"site-content-style":["default"],"site-sidebar-style":["default"],"_top_nav_excluded":[""],"_cms_nav_minihome":[""],"_yoast_wpseo_metadesc":["Bolso Moon Aqua en verde aqua con cadena 3D personalizable. Un bolso impreso en 3D hecho de biopol\u00edmero reciclado, ligero y sostenible."],"_yoast_wpseo_focuskw":["Bolso 3D Moon Aqua verde claro"],"_purchase_note":["\u00a1Gracias por tu compra! Estamos imprimiendo tu pedido "],"_stock":["10"],"_last_translation_edit_mode":["native-editor"],"_wpml_word_count":["115"],"_thumbnail_id":["4887"],"_product_image_gallery":["4883,4884,4885,4886,4887,4888"],"rank_math_analytic_object_id":["14"],"rank_math_internal_links_processed":["1"],"_edit_lock":["1771516362:7"],"rank_math_seo_score":["10"],"rank_math_title":["Bolso Verde Claro Moon Aqua | Nodos by G"],"rank_math_description":["Bolso 3D Moon Aqua: bolso escultural impreso en 3D sostenible hecho en Madrid. Ligero, flexible y \u00fanico. Dise\u00f1o escultural con biomateriales."],"_edit_last":["7"],"_wc_average_rating":[0],"_wc_review_count":["0"],"_product_version":["10.5.1"],"_eos_deactive_plugins_key":[",freesoul-deactivate-plugins\/freesoul-deactivate-plugins.php,freesoul-deactivate-plugins\/freesoul-deactivate-plugins.php"],"_wpml_media_duplicate":["1"],"_wpml_media_featured":["1"],"astra-migrate-meta-layouts":["set"],"_uag_css_file_name":["uag-css-4880.css"],"fb_material":["Biopol\u00edmero reciclado + bolso de tela"],"omnisend_last_sync":["2026-05-12T08:41:46+00:00"],"_wc_gla_synced_at":["1778671134"],"_wc_gla_sync_status":["synced"],"_wc_gla_visibility":["sync-and-show"],"_wc_gla_google_ids":["a:1:{s:2:\"ES\";s:21:\"online:es:ES:gla_4880\";}"],"_wcml_average_rating":[null],"_wcml_review_count":[null],"_wcml_rating_count":[null],"_uag_page_assets":["a:9:{s:3:\"css\";s:260:\".uag-blocks-common-selector{z-index:var(--z-index-desktop) !important}@media(max-width: 976px){.uag-blocks-common-selector{z-index:var(--z-index-tablet) !important}}@media(max-width: 767px){.uag-blocks-common-selector{z-index:var(--z-index-mobile) !important}}\";s:2:\"js\";s:0:\"\";s:18:\"current_block_list\";a:13:{i:0;s:11:\"core\/search\";i:1;s:10:\"core\/group\";i:2;s:12:\"core\/heading\";i:3;s:17:\"core\/latest-posts\";i:4;s:20:\"core\/latest-comments\";i:5;s:13:\"core\/archives\";i:6;s:15:\"core\/categories\";i:7;s:24:\"woocommerce\/price-filter\";i:8;s:24:\"woocommerce\/stock-filter\";i:9;s:17:\"core\/widget-group\";i:10;s:27:\"woocommerce\/product-on-sale\";i:11;s:26:\"woocommerce\/filter-wrapper\";i:12;s:14:\"core\/shortcode\";}s:8:\"uag_flag\";b:0;s:11:\"uag_version\";i:1778673882;s:6:\"gfonts\";a:0:{}s:10:\"gfonts_url\";s:0:\"\";s:12:\"gfonts_files\";a:0:{}s:14:\"uag_faq_layout\";b:0;}"],"_wc_rating_count":[""]},"uagb_featured_image_src":{"full":["https:\/\/nodosbyg.com\/wp-content\/uploads\/2025\/03\/Bolso-Moon-Aqua-1.webp",1200,1800,false],"thumbnail":["https:\/\/nodosbyg.com\/wp-content\/uploads\/2025\/03\/Bolso-Moon-Aqua-1-150x150.webp",150,150,true],"medium":["https:\/\/nodosbyg.com\/wp-content\/uploads\/2025\/03\/Bolso-Moon-Aqua-1-200x300.webp",200,300,true],"medium_large":["https:\/\/nodosbyg.com\/wp-content\/uploads\/2025\/03\/Bolso-Moon-Aqua-1-768x1152.webp",768,1152,true],"large":["https:\/\/nodosbyg.com\/wp-content\/uploads\/2025\/03\/Bolso-Moon-Aqua-1-683x1024.webp",683,1024,true],"1536x1536":["https:\/\/nodosbyg.com\/wp-content\/uploads\/2025\/03\/Bolso-Moon-Aqua-1-1024x1536.webp",1024,1536,true],"2048x2048":["https:\/\/nodosbyg.com\/wp-content\/uploads\/2025\/03\/Bolso-Moon-Aqua-1.webp",1200,1800,false],"woocommerce_thumbnail":["https:\/\/nodosbyg.com\/wp-content\/uploads\/2025\/03\/Bolso-Moon-Aqua-1.webp",1200,1800,false],"woocommerce_single":["https:\/\/nodosbyg.com\/wp-content\/uploads\/2025\/03\/Bolso-Moon-Aqua-1.webp",1200,1800,false],"woocommerce_gallery_thumbnail":["https:\/\/nodosbyg.com\/wp-content\/uploads\/2025\/03\/Bolso-Moon-Aqua-1-100x100.webp",100,100,true]},"uagb_author_info":{"display_name":"Gelareh H. Karimi","author_link":"https:\/\/nodosbyg.com\/es\/author\/"},"uagb_comment_info":0,"uagb_excerpt":"Silueta de media luna en vibrante verde agua Impreso en 3D con biopol\u00edmero reciclado Semi acabado en zigzag a mano Dos bolsos en uno: carcasa escult\u00f3rica + pouch interior Cadena 3D personalizada con sublimaci\u00f3n de foto o estampado Ultraligero y flexible","_links":{"self":[{"href":"https:\/\/nodosbyg.com\/es\/wp-json\/wp\/v2\/product\/4880","targetHints":{"allow":["GET"]}}],"collection":[{"href":"https:\/\/nodosbyg.com\/es\/wp-json\/wp\/v2\/product"}],"about":[{"href":"https:\/\/nodosbyg.com\/es\/wp-json\/wp\/v2\/types\/product"}],"wp:featuredmedia":[{"embeddable":true,"href":"https:\/\/nodosbyg.com\/es\/wp-json\/wp\/v2\/media\/4887"}],"wp:attachment":[{"href":"https:\/\/nodosbyg.com\/es\/wp-json\/wp\/v2\/media?parent=4880"}],"wp:term":[{"taxonomy":"product_brand","embeddable":true,"href":"https:\/\/nodosbyg.com\/es\/wp-json\/wp\/v2\/product_brand?post=4880"},{"taxonomy":"product_cat","embeddable":true,"href":"https:\/\/nodosbyg.com\/es\/wp-json\/wp\/v2\/product_cat?post=4880"},{"taxonomy":"product_tag","embeddable":true,"href":"https:\/\/nodosbyg.com\/es\/wp-json\/wp\/v2\/product_tag?post=4880"}],"curies":[{"name":"wp","href":"https:\/\/api.w.org\/{rel}","templated":true}]}}