{"id":4790,"date":"2025-04-19T18:13:35","date_gmt":"2025-04-19T18:13:35","guid":{"rendered":"https:\/\/nodosbyg.com\/product\/chaleco-3d-artesanal-negro\/"},"modified":"2026-02-21T09:59:32","modified_gmt":"2026-02-21T09:59:32","slug":"chaleco-3d-artesanal-negro","status":"publish","type":"product","link":"https:\/\/nodosbyg.com\/es\/producto\/chaleco-3d-artesanal-negro\/","title":{"rendered":"Chaleco 3D Artesanal Negro"},"content":{"rendered":"<p>El Chaleco Artesanal Black es la versi\u00f3n m\u00e1s intensa y sofisticada de la l\u00ednea artesanal. Creado a mano con biopol\u00edmero negro, cada pieza adquiere un car\u00e1cter \u00fanico y escult\u00f3rico. Un dise\u00f1o que combina fuerza visual, elegancia y el sello exclusivo de NODOS.<\/p>\n<p>Flexible, duradero y con garant\u00eda de por vida.<\/p>\n","protected":false},"excerpt":{"rendered":"<ul>\n<li>Impresi\u00f3n artesanal en biopol\u00edmero negro<\/li>\n<li>Est\u00e9tica poderosa y escult\u00f3rica<\/li>\n<li>Cada pieza es \u00fanica<\/li>\n<li>Lavable a mano<\/li>\n<li>Disponible en S, M, L y XL<\/li>\n<li>Lo puedes planchar a baja temperatura<\/li>\n<li>Muy ligero y suave al tacto<\/li>\n<\/ul>\n","protected":false},"featured_media":5173,"template":"","meta":{"_uag_custom_page_level_css":"","site-sidebar-layout":"default","site-content-layout":"","ast-site-content-layout":"default","site-content-style":"default","site-sidebar-style":"default","ast-global-header-display":"","ast-banner-title-visibility":"","ast-main-header-display":"","ast-hfb-above-header-display":"","ast-hfb-below-header-display":"","ast-hfb-mobile-header-display":"","site-post-title":"","ast-breadcrumbs-content":"","ast-featured-img":"","footer-sml-layout":"","ast-disable-related-posts":"","theme-transparent-header-meta":"default","adv-header-id-meta":"","stick-header-meta":"default","header-above-stick-meta":"","header-main-stick-meta":"","header-below-stick-meta":"","astra-migrate-meta-layouts":"set","ast-page-background-enabled":"default","ast-page-background-meta":{"desktop":{"background-color":"var(--ast-global-color-4)","background-image":"","background-repeat":"repeat","background-position":"center center","background-size":"auto","background-attachment":"scroll","background-type":"","background-media":"","overlay-type":"","overlay-color":"","overlay-opacity":"","overlay-gradient":""},"tablet":{"background-color":"","background-image":"","background-repeat":"repeat","background-position":"center center","background-size":"auto","background-attachment":"scroll","background-type":"","background-media":"","overlay-type":"","overlay-color":"","overlay-opacity":"","overlay-gradient":""},"mobile":{"background-color":"","background-image":"","background-repeat":"repeat","background-position":"center center","background-size":"auto","background-attachment":"scroll","background-type":"","background-media":"","overlay-type":"","overlay-color":"","overlay-opacity":"","overlay-gradient":""}},"ast-content-background-meta":{"desktop":{"background-color":"var(--ast-global-color-5)","background-image":"","background-repeat":"repeat","background-position":"center center","background-size":"auto","background-attachment":"scroll","background-type":"","background-media":"","overlay-type":"","overlay-color":"","overlay-opacity":"","overlay-gradient":""},"tablet":{"background-color":"var(--ast-global-color-5)","background-image":"","background-repeat":"repeat","background-position":"center center","background-size":"auto","background-attachment":"scroll","background-type":"","background-media":"","overlay-type":"","overlay-color":"","overlay-opacity":"","overlay-gradient":""},"mobile":{"background-color":"var(--ast-global-color-5)","background-image":"","background-repeat":"repeat","background-position":"center center","background-size":"auto","background-attachment":"scroll","background-type":"","background-media":"","overlay-type":"","overlay-color":"","overlay-opacity":"","overlay-gradient":""}}},"product_brand":[],"product_cat":[158],"product_tag":[169,184],"class_list":{"0":"post-4790","1":"product","2":"type-product","3":"status-publish","4":"has-post-thumbnail","6":"product_cat-chalecos-3d","7":"product_tag-accesorio-artesanal","8":"product_tag-chalecos-3d","9":"desktop-align-center","10":"tablet-align-left","11":"mobile-align-left","12":"ast-product-gallery-layout-vertical-slider","13":"ast-product-single-variable","14":"ast-product-tabs-layout-distributed","15":"ast-qv-on-image","17":"first","18":"instock","19":"shipping-taxable","20":"purchasable","21":"product-type-variable"},"spectra_custom_meta":{"_product_attributes":["a:3:{s:3:\"dna\";a:6:{s:4:\"name\";s:3:\"DNA\";s:5:\"value\";s:305:\"Hecho en Espa\u00f1a, lavable a mano, con tecnolog\u00eda avanzada de impresi\u00f3n 3D a alta temperatura, utilizando materiales sostenibles. Presenta formas florales abstractas, siluetas escult\u00f3ricas y fluidas, como poes\u00eda para el cuerpo. Extremadamente flexible, ligero, duradero, resistente al calor y elegante.\";s:8:\"position\";i:0;s:10:\"is_visible\";i:1;s:12:\"is_variation\";i:0;s:11:\"is_taxonomy\";i:0;}s:8:\"material\";a:6:{s:4:\"name\";s:8:\"Material\";s:5:\"value\";s:24:\"Filamento flexible negro\";s:8:\"position\";i:1;s:10:\"is_visible\";i:1;s:12:\"is_variation\";i:0;s:11:\"is_taxonomy\";i:0;}s:6:\"sizing\";a:6:{s:4:\"name\";s:6:\"Sizing\";s:5:\"value\";s:46:\"\"Talla S\" | \"Talla M\" | \"Talla L\" | \"Talla XL\"\";s:8:\"position\";i:2;s:10:\"is_visible\";i:0;s:12:\"is_variation\";i:1;s:11:\"is_taxonomy\";i:0;}}"],"attr_label_translations":["a:1:{s:2:\"es\";a:3:{s:3:\"dna\";s:3:\"ADN\";s:8:\"material\";s:8:\"Material\";s:6:\"sizing\";s:6:\"Tallas\";}}"],"_yoast_wpseo_primary_product_cat":["109"],"_backorders":["notify"],"_download_limit":["-1"],"_download_expiry":["-1"],"_downloadable":["no"],"_manage_stock":["yes"],"_sku":["VST-ART-BLK"],"_stock_status":["instock"],"_sold_individually":["no"],"_tax_class":[""],"_tax_status":["taxable"],"_virtual":["no"],"_weight":["0.250"],"_width":["6"],"_height":["20"],"_length":["21"],"total_sales":["0"],"_price":["135"],"_low_stock_amount":["2"],"stick-header-meta":["default"],"site-sidebar-layout":["default"],"theme-transparent-header-meta":["default"],"ast-site-content-layout":["default"],"site-content-style":["default"],"site-sidebar-style":["default"],"_top_nav_excluded":[""],"_cms_nav_minihome":[""],"_yoast_wpseo_metadesc":["Chaleco negro artesanal 3D: prenda \u00fanica hecha a mano en PLA negro de origen vegetal."],"_yoast_wpseo_focuskw":["Chaleco 3D Artesanal Negro"],"_purchase_note":["\u00a1Gracias por tu compra! Estamos imprimiendo tu pedido. "],"_stock":["10"],"_last_translation_edit_mode":["native-editor"],"_wpml_word_count":["91"],"rank_math_analytic_object_id":["37"],"rank_math_internal_links_processed":["1"],"_edit_lock":["1771667841:7"],"rank_math_seo_score":["10"],"rank_math_description":["Chaleco 3D Dise\u00f1o Negro: pieza de textura org\u00e1nica y volumen flexible. Impreso en 3D con biomateriales, ideal para superponer sobre camisas o vestidos."],"rank_math_title":["Chaleco 3D Dise\u00f1o Negro | Nodos by G"],"_edit_last":["7"],"_wcml_average_rating":[null],"_wcml_review_count":[null],"_wcml_rating_count":[null],"_wc_average_rating":[0],"_wc_review_count":["0"],"_product_version":["10.5.1"],"_eos_deactive_plugins_key":[",freesoul-deactivate-plugins\/freesoul-deactivate-plugins.php"],"astra-migrate-meta-layouts":["set"],"_wpml_media_duplicate":["1"],"_wpml_media_featured":["1"],"_thumbnail_id":["5173"],"_uag_css_file_name":["uag-css-4790.css"],"_wc_facebook_sync_enabled_v2":["yes"],"_wc_facebook_sync_enabled":["yes"],"fb_visibility":["yes"],"_uag_page_assets":["a:9:{s:3:\"css\";s:260:\".uag-blocks-common-selector{z-index:var(--z-index-desktop) !important}@media(max-width: 976px){.uag-blocks-common-selector{z-index:var(--z-index-tablet) !important}}@media(max-width: 767px){.uag-blocks-common-selector{z-index:var(--z-index-mobile) !important}}\";s:2:\"js\";s:0:\"\";s:18:\"current_block_list\";a:13:{i:0;s:11:\"core\/search\";i:1;s:10:\"core\/group\";i:2;s:12:\"core\/heading\";i:3;s:17:\"core\/latest-posts\";i:4;s:20:\"core\/latest-comments\";i:5;s:13:\"core\/archives\";i:6;s:15:\"core\/categories\";i:7;s:24:\"woocommerce\/price-filter\";i:8;s:24:\"woocommerce\/stock-filter\";i:9;s:17:\"core\/widget-group\";i:10;s:27:\"woocommerce\/product-on-sale\";i:11;s:26:\"woocommerce\/filter-wrapper\";i:12;s:14:\"core\/shortcode\";}s:8:\"uag_flag\";b:0;s:11:\"uag_version\";s:10:\"1777537660\";s:6:\"gfonts\";a:0:{}s:10:\"gfonts_url\";s:0:\"\";s:12:\"gfonts_files\";a:0:{}s:14:\"uag_faq_layout\";b:0;}"],"_wc_rating_count":[""]},"uagb_featured_image_src":{"full":["https:\/\/nodosbyg.com\/wp-content\/uploads\/2025\/04\/pendiente-mengua-blanco-y-chaleco-3D-scaled.jpg",1707,2560,false],"thumbnail":["https:\/\/nodosbyg.com\/wp-content\/uploads\/2025\/04\/pendiente-mengua-blanco-y-chaleco-3D-150x150.jpg",150,150,true],"medium":["https:\/\/nodosbyg.com\/wp-content\/uploads\/2025\/04\/pendiente-mengua-blanco-y-chaleco-3D-200x300.jpg",200,300,true],"medium_large":["https:\/\/nodosbyg.com\/wp-content\/uploads\/2025\/04\/pendiente-mengua-blanco-y-chaleco-3D-768x1152.jpg",768,1152,true],"large":["https:\/\/nodosbyg.com\/wp-content\/uploads\/2025\/04\/pendiente-mengua-blanco-y-chaleco-3D-683x1024.jpg",683,1024,true],"1536x1536":["https:\/\/nodosbyg.com\/wp-content\/uploads\/2025\/04\/pendiente-mengua-blanco-y-chaleco-3D-1024x1536.jpg",1024,1536,true],"2048x2048":["https:\/\/nodosbyg.com\/wp-content\/uploads\/2025\/04\/pendiente-mengua-blanco-y-chaleco-3D-1365x2048.jpg",1365,2048,true],"woocommerce_thumbnail":["https:\/\/nodosbyg.com\/wp-content\/uploads\/2025\/04\/pendiente-mengua-blanco-y-chaleco-3D-1500x2250.jpg",1500,2250,true],"woocommerce_single":["https:\/\/nodosbyg.com\/wp-content\/uploads\/2025\/04\/pendiente-mengua-blanco-y-chaleco-3D-1200x1800.jpg",1200,1800,true],"woocommerce_gallery_thumbnail":["https:\/\/nodosbyg.com\/wp-content\/uploads\/2025\/04\/pendiente-mengua-blanco-y-chaleco-3D-100x100.jpg",100,100,true]},"uagb_author_info":{"display_name":"Gelareh H. Karimi","author_link":"https:\/\/nodosbyg.com\/es\/author\/"},"uagb_comment_info":0,"uagb_excerpt":"Impresi\u00f3n artesanal en biopol\u00edmero negro Est\u00e9tica poderosa y escult\u00f3rica Cada pieza es \u00fanica Lavable a mano Disponible en S, M, L y XL Lo puedes planchar a baja temperatura Muy ligero y suave al tacto","_links":{"self":[{"href":"https:\/\/nodosbyg.com\/es\/wp-json\/wp\/v2\/product\/4790","targetHints":{"allow":["GET"]}}],"collection":[{"href":"https:\/\/nodosbyg.com\/es\/wp-json\/wp\/v2\/product"}],"about":[{"href":"https:\/\/nodosbyg.com\/es\/wp-json\/wp\/v2\/types\/product"}],"wp:featuredmedia":[{"embeddable":true,"href":"https:\/\/nodosbyg.com\/es\/wp-json\/wp\/v2\/media\/5173"}],"wp:attachment":[{"href":"https:\/\/nodosbyg.com\/es\/wp-json\/wp\/v2\/media?parent=4790"}],"wp:term":[{"taxonomy":"product_brand","embeddable":true,"href":"https:\/\/nodosbyg.com\/es\/wp-json\/wp\/v2\/product_brand?post=4790"},{"taxonomy":"product_cat","embeddable":true,"href":"https:\/\/nodosbyg.com\/es\/wp-json\/wp\/v2\/product_cat?post=4790"},{"taxonomy":"product_tag","embeddable":true,"href":"https:\/\/nodosbyg.com\/es\/wp-json\/wp\/v2\/product_tag?post=4790"}],"curies":[{"name":"wp","href":"https:\/\/api.w.org\/{rel}","templated":true}]}}