{"id":4746,"date":"2025-04-19T15:45:57","date_gmt":"2025-04-19T15:45:57","guid":{"rendered":"https:\/\/nodosbyg.com\/product\/conjunto-bikini-blush-radiance-rosa\/"},"modified":"2026-02-21T10:22:06","modified_gmt":"2026-02-21T10:22:06","slug":"conjunto-bikini-blush-radiance-rosa","status":"publish","type":"product","link":"https:\/\/nodosbyg.com\/es\/producto\/conjunto-bikini-blush-radiance-rosa\/","title":{"rendered":"Conjunto bikini Blush Radiance Rosa"},"content":{"rendered":"<p>El Bikini Blush Radiance evoca la delicadeza y la luminosidad de un atardecer. La impresi\u00f3n 3D en rosa y amarillo tornasolado sobre tul transforma este set en una pieza \u00fanica de feminidad y vanguardia.<br \/>\nResistente, ligero y con garant\u00eda de por vida.<\/p>\n","protected":false},"excerpt":{"rendered":"<ul>\n<li>Set rosa claro en lycra premium<\/li>\n<li>Impresi\u00f3n 3D tornasolada rosa y amarillo en PLA vegetal<\/li>\n<li>Dise\u00f1o femenino y moderno<\/li>\n<li>Disponible en tallas S, M, L, XL<\/li>\n<li>Lavable en lavadora y resistente al agua<\/li>\n<\/ul>\n","protected":false},"featured_media":4747,"template":"","meta":{"_uag_custom_page_level_css":"","site-sidebar-layout":"default","site-content-layout":"","ast-site-content-layout":"default","site-content-style":"default","site-sidebar-style":"default","ast-global-header-display":"","ast-banner-title-visibility":"","ast-main-header-display":"","ast-hfb-above-header-display":"","ast-hfb-below-header-display":"","ast-hfb-mobile-header-display":"","site-post-title":"","ast-breadcrumbs-content":"","ast-featured-img":"","footer-sml-layout":"","ast-disable-related-posts":"","theme-transparent-header-meta":"default","adv-header-id-meta":"","stick-header-meta":"default","header-above-stick-meta":"","header-main-stick-meta":"","header-below-stick-meta":"","astra-migrate-meta-layouts":"set","ast-page-background-enabled":"default","ast-page-background-meta":{"desktop":{"background-color":"var(--ast-global-color-4)","background-image":"","background-repeat":"repeat","background-position":"center center","background-size":"auto","background-attachment":"scroll","background-type":"","background-media":"","overlay-type":"","overlay-color":"","overlay-opacity":"","overlay-gradient":""},"tablet":{"background-color":"","background-image":"","background-repeat":"repeat","background-position":"center center","background-size":"auto","background-attachment":"scroll","background-type":"","background-media":"","overlay-type":"","overlay-color":"","overlay-opacity":"","overlay-gradient":""},"mobile":{"background-color":"","background-image":"","background-repeat":"repeat","background-position":"center center","background-size":"auto","background-attachment":"scroll","background-type":"","background-media":"","overlay-type":"","overlay-color":"","overlay-opacity":"","overlay-gradient":""}},"ast-content-background-meta":{"desktop":{"background-color":"var(--ast-global-color-5)","background-image":"","background-repeat":"repeat","background-position":"center center","background-size":"auto","background-attachment":"scroll","background-type":"","background-media":"","overlay-type":"","overlay-color":"","overlay-opacity":"","overlay-gradient":""},"tablet":{"background-color":"var(--ast-global-color-5)","background-image":"","background-repeat":"repeat","background-position":"center center","background-size":"auto","background-attachment":"scroll","background-type":"","background-media":"","overlay-type":"","overlay-color":"","overlay-opacity":"","overlay-gradient":""},"mobile":{"background-color":"var(--ast-global-color-5)","background-image":"","background-repeat":"repeat","background-position":"center center","background-size":"auto","background-attachment":"scroll","background-type":"","background-media":"","overlay-type":"","overlay-color":"","overlay-opacity":"","overlay-gradient":""}}},"product_brand":[],"product_cat":[159],"product_tag":[179],"class_list":{"0":"post-4746","1":"product","2":"type-product","3":"status-publish","4":"has-post-thumbnail","6":"product_cat-bikinis-3d","7":"product_tag-bikinis-3d","8":"desktop-align-center","9":"tablet-align-left","10":"mobile-align-left","11":"ast-product-gallery-layout-vertical-slider","12":"ast-product-single-variable","13":"ast-product-tabs-layout-distributed","14":"ast-qv-on-image","16":"first","17":"instock","18":"shipping-taxable","19":"purchasable","20":"product-type-variable"},"spectra_custom_meta":{"_product_attributes":["a:3:{s:6:\"sizing\";a:6:{s:4:\"name\";s:6:\"Sizing\";s:5:\"value\";s:46:\"\"Talla S\" | \"Talla M\" | \"Talla L\" | \"Talla XL\"\";s:8:\"position\";i:0;s:10:\"is_visible\";i:0;s:12:\"is_variation\";i:1;s:11:\"is_taxonomy\";i:0;}s:3:\"dna\";a:6:{s:4:\"name\";s:3:\"DNA\";s:5:\"value\";s:558:\"Estos no son solo bikinis, son arte para llevar, llenos de color e innovaci\u00f3n. Cada pieza fusiona dise\u00f1os originales y vibrantes con detalles impresos en 3D aplicados directamente sobre la tela, creando una textura \u00fanica y c\u00f3moda.\nEl top del bikini incluye una capa extra de tul, impresa en 3D con biomateriales. Las varillas est\u00e1n completamente impresas en 3D.<br>Por favor, tenga en cuenta que todos nuestros productos est\u00e1n elaborados de forma individual y pueden presentar ligeras variaciones. Le invitamos a aceptar y valorar estas imperfecciones.\";s:8:\"position\";i:1;s:10:\"is_visible\";i:1;s:12:\"is_variation\";i:0;s:11:\"is_taxonomy\";i:0;}s:8:\"material\";a:6:{s:4:\"name\";s:8:\"Material\";s:5:\"value\";s:106:\"Lycra 100% poli\u00e9ster rosa claro<br>Tul con PLA vegetal tornasolado rosa y amarillo<br>Lavable en lavadora\";s:8:\"position\";i:2;s:10:\"is_visible\";i:1;s:12:\"is_variation\";i:0;s:11:\"is_taxonomy\";i:0;}}"],"attr_label_translations":["a:1:{s:2:\"es\";a:3:{s:6:\"sizing\";s:6:\"Tallas\";s:3:\"dna\";s:3:\"ADN\";s:8:\"material\";s:8:\"Material\";}}"],"_yoast_wpseo_primary_product_cat":["108"],"_backorders":["notify"],"_download_limit":["-1"],"_download_expiry":["-1"],"_downloadable":["no"],"_manage_stock":["yes"],"_sku":["BKN-BLR"],"_stock_status":["instock"],"_sold_individually":["no"],"_tax_class":[""],"_tax_status":["taxable"],"_virtual":["no"],"_weight":["0.250"],"_width":["6"],"_height":["20"],"_length":["21"],"total_sales":["0"],"_price":["195"],"_low_stock_amount":["2"],"stick-header-meta":["default"],"site-sidebar-layout":["default"],"theme-transparent-header-meta":["default"],"ast-site-content-layout":["default"],"site-content-style":["default"],"site-sidebar-style":["default"],"_top_nav_excluded":[""],"_cms_nav_minihome":[""],"_yoast_wpseo_metadesc":["Conjunto 3D Bikini Blush Radiance: conjunto en rosa claro con impresi\u00f3n en PLA iridiscente en tonos rosa y amarillo."],"_yoast_wpseo_focuskw":["Conjunto bikini Blush Radiance Rosa"],"_purchase_note":["\u00a1Gracias por tu compra! Estamos imprimiendo tu pedido. "],"_stock":["10"],"_last_translation_edit_mode":["native-editor"],"_wpml_word_count":["79"],"rank_math_analytic_object_id":["46"],"rank_math_internal_links_processed":["1"],"_edit_lock":["1771669198:7"],"rank_math_seo_score":["10"],"rank_math_title":["Bikini 3D Blush Radiance | Nodos by G"],"rank_math_description":["Bikini 3D Blush Radiance rosa: conjunto vanguardista de textura 3D flexible. Dise\u00f1ado para abrazar el cuerpo con comodidad y un look art\u00edstico."],"_edit_last":["7"],"_wcml_average_rating":[null],"_wcml_review_count":[null],"_wcml_rating_count":[null],"_wc_average_rating":[0],"_wc_review_count":["0"],"_product_version":["10.5.1"],"_eos_deactive_plugins_key":[",freesoul-deactivate-plugins\/freesoul-deactivate-plugins.php"],"astra-migrate-meta-layouts":["set"],"_wpml_media_duplicate":["1"],"_wpml_media_featured":["1"],"_thumbnail_id":["4747"],"_uag_css_file_name":["uag-css-4746.css"],"_wc_facebook_sync_enabled_v2":["yes"],"_wc_facebook_sync_enabled":["yes"],"fb_visibility":["yes"],"_uag_page_assets":["a:9:{s:3:\"css\";s:0:\"\";s:2:\"js\";s:0:\"\";s:18:\"current_block_list\";a:13:{i:0;s:11:\"core\/search\";i:1;s:10:\"core\/group\";i:2;s:12:\"core\/heading\";i:3;s:17:\"core\/latest-posts\";i:4;s:20:\"core\/latest-comments\";i:5;s:13:\"core\/archives\";i:6;s:15:\"core\/categories\";i:7;s:24:\"woocommerce\/price-filter\";i:8;s:24:\"woocommerce\/stock-filter\";i:9;s:17:\"core\/widget-group\";i:10;s:27:\"woocommerce\/product-on-sale\";i:11;s:26:\"woocommerce\/filter-wrapper\";i:12;s:14:\"core\/shortcode\";}s:8:\"uag_flag\";b:0;s:11:\"uag_version\";s:10:\"1778267078\";s:6:\"gfonts\";a:0:{}s:10:\"gfonts_url\";s:0:\"\";s:12:\"gfonts_files\";a:0:{}s:14:\"uag_faq_layout\";b:0;}"],"_wc_rating_count":[""]},"uagb_featured_image_src":{"full":["https:\/\/nodosbyg.com\/wp-content\/uploads\/2025\/04\/2T9A1829ab-scaled.jpg",1707,2560,false],"thumbnail":["https:\/\/nodosbyg.com\/wp-content\/uploads\/2025\/04\/2T9A1829ab-150x150.jpg",150,150,true],"medium":["https:\/\/nodosbyg.com\/wp-content\/uploads\/2025\/04\/2T9A1829ab-200x300.jpg",200,300,true],"medium_large":["https:\/\/nodosbyg.com\/wp-content\/uploads\/2025\/04\/2T9A1829ab-768x1152.jpg",768,1152,true],"large":["https:\/\/nodosbyg.com\/wp-content\/uploads\/2025\/04\/2T9A1829ab-683x1024.jpg",683,1024,true],"1536x1536":["https:\/\/nodosbyg.com\/wp-content\/uploads\/2025\/04\/2T9A1829ab-1024x1536.jpg",1024,1536,true],"2048x2048":["https:\/\/nodosbyg.com\/wp-content\/uploads\/2025\/04\/2T9A1829ab-1365x2048.jpg",1365,2048,true],"woocommerce_thumbnail":["https:\/\/nodosbyg.com\/wp-content\/uploads\/2025\/04\/2T9A1829ab-1500x2250.jpg",1500,2250,true],"woocommerce_single":["https:\/\/nodosbyg.com\/wp-content\/uploads\/2025\/04\/2T9A1829ab-1200x1800.jpg",1200,1800,true],"woocommerce_gallery_thumbnail":["https:\/\/nodosbyg.com\/wp-content\/uploads\/2025\/04\/2T9A1829ab-100x100.jpg",100,100,true]},"uagb_author_info":{"display_name":"Gelareh H. Karimi","author_link":"https:\/\/nodosbyg.com\/es\/author\/"},"uagb_comment_info":0,"uagb_excerpt":"Set rosa claro en lycra premium Impresi\u00f3n 3D tornasolada rosa y amarillo en PLA vegetal Dise\u00f1o femenino y moderno Disponible en tallas S, M, L, XL Lavable en lavadora y resistente al agua","_links":{"self":[{"href":"https:\/\/nodosbyg.com\/es\/wp-json\/wp\/v2\/product\/4746","targetHints":{"allow":["GET"]}}],"collection":[{"href":"https:\/\/nodosbyg.com\/es\/wp-json\/wp\/v2\/product"}],"about":[{"href":"https:\/\/nodosbyg.com\/es\/wp-json\/wp\/v2\/types\/product"}],"wp:featuredmedia":[{"embeddable":true,"href":"https:\/\/nodosbyg.com\/es\/wp-json\/wp\/v2\/media\/4747"}],"wp:attachment":[{"href":"https:\/\/nodosbyg.com\/es\/wp-json\/wp\/v2\/media?parent=4746"}],"wp:term":[{"taxonomy":"product_brand","embeddable":true,"href":"https:\/\/nodosbyg.com\/es\/wp-json\/wp\/v2\/product_brand?post=4746"},{"taxonomy":"product_cat","embeddable":true,"href":"https:\/\/nodosbyg.com\/es\/wp-json\/wp\/v2\/product_cat?post=4746"},{"taxonomy":"product_tag","embeddable":true,"href":"https:\/\/nodosbyg.com\/es\/wp-json\/wp\/v2\/product_tag?post=4746"}],"curies":[{"name":"wp","href":"https:\/\/api.w.org\/{rel}","templated":true}]}}